{"id":264,"date":"2022-04-21T05:27:13","date_gmt":"2022-04-21T12:27:13","guid":{"rendered":"https:\/\/www.adobeguadalupe.com\/tienda\/?post_type=product&#038;p=264"},"modified":"2023-07-14T12:54:36","modified_gmt":"2023-07-14T19:54:36","slug":"mezcal-lucifer-especial","status":"publish","type":"product","link":"https:\/\/adobeguadalupe.com\/tienda\/product\/mezcal-lucifer-especial\/","title":{"rendered":"Mezcal Lucifer Especial"},"content":{"rendered":"","protected":false},"excerpt":{"rendered":"<p>Es de Maguey Espad\u00edn. 100% de Agave. Lleva una doble destilaci\u00f3n en alambique de cobre y posee 48\u00ba Alc. Vol. Actualmente utilizamos el Lote 014, ya certificado, de la producci\u00f3n del Maestro Garc\u00eda Cruz.<\/p>\n<p>Lucifer Especial es un mezcal hecho con procesos netamente artesanales. Su pureza es total. Hay que observar el perlado que se hace al agitarlo para reconocer de primera vista una de sus principales caracter\u00edsticas y atractivo. Producido en la zona de San Dionisio, Ocotepec, est\u00e1 manufacturado por el Maestro Mezcalero Justino Garc\u00eda Cruz. \u00c9l personalmente ha cuidado que cada paso del proceso se apegue a las maneras tradicionales de producci\u00f3n artesanal.<\/p>\n<p>La botella, de cuello alto y esbelto, posee un tap\u00f3n de corcho rematado con baquelita y sellado con pl\u00e1stico al calor. Se han dejado voluntariamente generosos espacios claros de la botella que se ha seleccionado de vidrio blanco, con la finalidad de poder apreciar la limpieza del l\u00edquido.<\/p>\n","protected":false},"featured_media":279,"template":"","meta":[],"product_brand":[],"product_cat":[45],"product_tag":[],"class_list":{"0":"post-264","1":"product","2":"type-product","3":"status-publish","4":"has-post-thumbnail","6":"product_cat-tequila","8":"first","9":"instock","10":"shipping-taxable","11":"purchasable","12":"product-type-simple"},"_links":{"self":[{"href":"https:\/\/adobeguadalupe.com\/tienda\/wp-json\/wp\/v2\/product\/264","targetHints":{"allow":["GET"]}}],"collection":[{"href":"https:\/\/adobeguadalupe.com\/tienda\/wp-json\/wp\/v2\/product"}],"about":[{"href":"https:\/\/adobeguadalupe.com\/tienda\/wp-json\/wp\/v2\/types\/product"}],"wp:featuredmedia":[{"embeddable":true,"href":"https:\/\/adobeguadalupe.com\/tienda\/wp-json\/wp\/v2\/media\/279"}],"wp:attachment":[{"href":"https:\/\/adobeguadalupe.com\/tienda\/wp-json\/wp\/v2\/media?parent=264"}],"wp:term":[{"taxonomy":"product_brand","embeddable":true,"href":"https:\/\/adobeguadalupe.com\/tienda\/wp-json\/wp\/v2\/product_brand?post=264"},{"taxonomy":"product_cat","embeddable":true,"href":"https:\/\/adobeguadalupe.com\/tienda\/wp-json\/wp\/v2\/product_cat?post=264"},{"taxonomy":"product_tag","embeddable":true,"href":"https:\/\/adobeguadalupe.com\/tienda\/wp-json\/wp\/v2\/product_tag?post=264"}],"curies":[{"name":"wp","href":"https:\/\/api.w.org\/{rel}","templated":true}]}}