{"id":213,"date":"2022-04-21T11:27:04","date_gmt":"2022-04-21T18:27:04","guid":{"rendered":"https:\/\/www.adobeguadalupe.com\/tienda\/?post_type=product&#038;p=213"},"modified":"2025-09-15T18:09:49","modified_gmt":"2025-09-16T01:09:49","slug":"kerubiel","status":"publish","type":"product","link":"https:\/\/adobeguadalupe.com\/tienda\/product\/kerubiel\/","title":{"rendered":"Kerubiel"},"content":{"rendered":"<div class=\"wpb-content-wrapper\"><div id=\"reviewsvivino\" class=\"vc_row wpb_row vc_row-fluid vc_custom_1599257889525 vc_row-has-fill amz-remove-margin\"><div class=\"container\"><div class=\"vc_row vc_row-fluid vc_row-has-fill\"><div class=\"wpb_column vc_column_container vc_col-sm-12\"><div class=\"vc_column-inner \"><div class=\"wpb_wrapper\"><div id=\"ult-carousel-335566906369da64893932f\" class=\"ult-carousel-wrapper   ult_horizontal\" data-gutter=\"30\" data-rtl=\"false\" ><div class=\"ult-carousel-274317933569da64893927a \" ><div class=\"ult-item-wrap\" data-animation=\"animated no-animation\"><div class=\"vc_row wpb_row vc_inner vc_row-fluid\"><div class=\"ult-item-wrap\" data-animation=\"animated no-animation\"><div class=\"wpb_column vc_column_container vc_col-sm-12\"><div class=\"vc_column-inner\"><div class=\"wpb_wrapper\"><div class=\"ult-item-wrap\" data-animation=\"animated no-animation\">\n\t<div class=\"wpb_text_column wpb_content_element\" >\n\t\t<div class=\"wpb_wrapper\">\n\t\t\t<p style=\"text-align: center;\">Aroma a frutos maduros, sabores complejos con notas ahumadas y buena persistencia en el paladar. Excelente con embutidos incluso con tapas con frutas.<\/p>\n\n\t\t<\/div>\n\t<\/div>\n<\/div><div class=\"ult-item-wrap\" data-animation=\"animated no-animation\">\n\t<div class=\"wpb_text_column wpb_content_element\" >\n\t\t<div class=\"wpb_wrapper\">\n\t\t\t<p class=\"stars\" style=\"text-align: center;\"><a class=\"star-5\" href=\"#\">.<\/a><\/p>\n\n\t\t<\/div>\n\t<\/div>\n<\/div><div class=\"ult-item-wrap\" data-animation=\"animated no-animation\">\n\t<div class=\"wpb_text_column wpb_content_element\" >\n\t\t<div class=\"wpb_wrapper\">\n\t\t\t<p style=\"text-align: left;\">Zeruel \/ 10 de Julio 2017<\/p>\n\n\t\t<\/div>\n\t<\/div>\n<\/div><div class=\"ult-item-wrap\" data-animation=\"animated no-animation\">\n\t<div class=\"wpb_raw_code wpb_raw_html wpb_content_element\" >\n\t\t<div class=\"wpb_wrapper\">\n\t\t\t<div class=\"vivino-widget vivino-wine-card-widget\" data-vivino-widget-type=\"wine\" data-vivino-vintage-id=\"2110290\" data-vivino-user-id=\"45955779\" data-vivino-widget-language=\"en\" data-vivino-widget-layout=\"medium\"><a href=\"https:\/\/www.vivino.com\/adobe-guadalupe-kerubiel\/w\/1150711\" target=\"_blank\">Adobe Guadalupe Kerubiel U.V. on Vivino<\/a><\/div>\n\n\t\t<\/div>\n\t<\/div>\n<\/div><\/div><\/div><\/div><\/div><\/div><\/div><div class=\"ult-item-wrap\" data-animation=\"animated no-animation\"><div class=\"vc_row wpb_row vc_inner vc_row-fluid\"><div class=\"ult-item-wrap\" data-animation=\"animated no-animation\"><div class=\"wpb_column vc_column_container vc_col-sm-12\"><div class=\"vc_column-inner\"><div class=\"wpb_wrapper\"><div class=\"ult-item-wrap\" data-animation=\"animated no-animation\">\n\t<div class=\"wpb_text_column wpb_content_element\" >\n\t\t<div class=\"wpb_wrapper\">\n\t\t\t<p style=\"text-align: center;\">Extraordinario vino Mx del Valle de Guadalupe, para m\u00ed el mejor de los arc\u00e1ngeles y est\u00e1 cosecha sali\u00f3 estupenda&#8230;<\/p>\n\n\t\t<\/div>\n\t<\/div>\n<\/div><div class=\"ult-item-wrap\" data-animation=\"animated no-animation\">\n\t<div class=\"wpb_text_column wpb_content_element\" >\n\t\t<div class=\"wpb_wrapper\">\n\t\t\t<p class=\"stars\" style=\"text-align: center;\"><a class=\"star-5\" href=\"#\">.<\/a><\/p>\n\n\t\t<\/div>\n\t<\/div>\n<\/div><div class=\"ult-item-wrap\" data-animation=\"animated no-animation\">\n\t<div class=\"wpb_text_column wpb_content_element\" >\n\t\t<div class=\"wpb_wrapper\">\n\t\t\t<p style=\"text-align: left;\">David Mtz Staines \/ 1 de Noviembre 2016<\/p>\n\n\t\t<\/div>\n\t<\/div>\n<\/div><div class=\"ult-item-wrap\" data-animation=\"animated no-animation\">\n\t<div class=\"wpb_raw_code wpb_raw_html wpb_content_element\" >\n\t\t<div class=\"wpb_wrapper\">\n\t\t\t<div class=\"vivino-widget vivino-wine-card-widget\" data-vivino-widget-type=\"wine\" data-vivino-vintage-id=\"2110290\" data-vivino-user-id=\"45955779\" data-vivino-widget-language=\"en\" data-vivino-widget-layout=\"medium\"><a href=\"https:\/\/www.vivino.com\/adobe-guadalupe-kerubiel\/w\/1150711\" target=\"_blank\">Adobe Guadalupe Kerubiel U.V. on Vivino<\/a><\/div>\n\n\t\t<\/div>\n\t<\/div>\n<\/div><\/div><\/div><\/div><\/div><\/div><\/div><div class=\"ult-item-wrap\" data-animation=\"animated no-animation\"><div class=\"vc_row wpb_row vc_inner vc_row-fluid\"><div class=\"ult-item-wrap\" data-animation=\"animated no-animation\"><div class=\"wpb_column vc_column_container vc_col-sm-12\"><div class=\"vc_column-inner\"><div class=\"wpb_wrapper\"><div class=\"ult-item-wrap\" data-animation=\"animated no-animation\">\n\t<div class=\"wpb_text_column wpb_content_element\" >\n\t\t<div class=\"wpb_wrapper\">\n\t\t\t<p style=\"text-align: center;\">Con su capa media-alta rojo picota, frutas rojas, gran balance y complejidad, los aumados hacen presente sus 15 meses de barrica.<\/p>\n\n\t\t<\/div>\n\t<\/div>\n<\/div><div class=\"ult-item-wrap\" data-animation=\"animated no-animation\">\n\t<div class=\"wpb_text_column wpb_content_element\" >\n\t\t<div class=\"wpb_wrapper\">\n\t\t\t<p class=\"stars\" style=\"text-align: center;\"><a class=\"star-5\" href=\"#\">.<\/a><\/p>\n\n\t\t<\/div>\n\t<\/div>\n<\/div><div class=\"ult-item-wrap\" data-animation=\"animated no-animation\">\n\t<div class=\"wpb_text_column wpb_content_element\" >\n\t\t<div class=\"wpb_wrapper\">\n\t\t\t<p style=\"text-align: left;\">Hector Escajadillo\u00a0 \/ 25 de Enero 2017<\/p>\n\n\t\t<\/div>\n\t<\/div>\n<\/div><div class=\"ult-item-wrap\" data-animation=\"animated no-animation\">\n\t<div class=\"wpb_raw_code wpb_raw_html wpb_content_element\" >\n\t\t<div class=\"wpb_wrapper\">\n\t\t\t<div class=\"vivino-widget vivino-wine-card-widget\" data-vivino-widget-type=\"wine\" data-vivino-vintage-id=\"2110290\" data-vivino-user-id=\"45955779\" data-vivino-widget-language=\"en\" data-vivino-widget-layout=\"medium\"><a href=\"https:\/\/www.vivino.com\/adobe-guadalupe-kerubiel\/w\/1150711\" target=\"_blank\">Adobe Guadalupe Kerubiel U.V. on Vivino<\/a><\/div>\n\n\t\t<\/div>\n\t<\/div>\n<\/div><\/div><\/div><\/div><\/div><\/div><\/div><\/div><\/div>\t\t\t<script type=\"text\/javascript\">\n\t\t\t\tjQuery(document).ready(function ($) {\n\t\t\t\t\tif( typeof jQuery('.ult-carousel-274317933569da64893927a').slick == \"function\"){\n\t\t\t\t\t\t$('.ult-carousel-274317933569da64893927a').slick({dots: false,autoplay: true,autoplaySpeed: \"5000\",speed: \"300\",infinite: true,arrows: true,nextArrow: '<button type=\"button\" role=\"button\" aria-label=\"Next\" style=\"color:#000000; font-size:50px;\" class=\"slick-next default\"><i class=\"ultsl-arrow-right6\"><\/i><\/button>',prevArrow: '<button type=\"button\" role=\"button\" aria-label=\"Previous\" style=\"color:#000000; font-size:50px;\" class=\"slick-prev default\"><i class=\"ultsl-arrow-left6\"><\/i><\/button>',slidesToScroll:1,slidesToShow:1,swipe: true,draggable: true,touchMove: true,pauseOnHover: true,pauseOnFocus: false,responsive: [\n\t\t\t\t\t\t\t{\n\t\t\t\t\t\t\t  breakpoint: 1026,\n\t\t\t\t\t\t\t  settings: {\n\t\t\t\t\t\t\t\tslidesToShow: 1,\n\t\t\t\t\t\t\t\tslidesToScroll: 1,  \n\t\t\t\t\t\t\t  }\n\t\t\t\t\t\t\t},\n\t\t\t\t\t\t\t{\n\t\t\t\t\t\t\t  breakpoint: 1025,\n\t\t\t\t\t\t\t  settings: {\n\t\t\t\t\t\t\t\tslidesToShow: 1,\n\t\t\t\t\t\t\t\tslidesToScroll: 1\n\t\t\t\t\t\t\t  }\n\t\t\t\t\t\t\t},\n\t\t\t\t\t\t\t{\n\t\t\t\t\t\t\t  breakpoint: 760,\n\t\t\t\t\t\t\t  settings: {\n\t\t\t\t\t\t\t\tslidesToShow: 1,\n\t\t\t\t\t\t\t\tslidesToScroll: 1\n\t\t\t\t\t\t\t  }\n\t\t\t\t\t\t\t}\n\t\t\t\t\t\t],pauseOnDotsHover: true,customPaging: function(slider, i) {\n                   return '<i type=\"button\" style= \"color:#333333;\" class=\"ultsl-record\" data-role=\"none\"><\/i>';\n                },});\n\t\t\t\t\t}\n\t\t\t\t});\n\t\t\t<\/script>\n\t\t\t<\/div><\/div><\/div><\/div><\/div><\/div><!-- Row Backgrounds --><div class=\"upb_bg_img\" data-ultimate-bg=\"url(https:\/\/www.karenmanriquez.com\/wp-content\/uploads\/2020\/09\/bg_comillas_resenias.png)\" data-image-id=\"id^687|url^https:\/\/www.karenmanriquez.com\/wp-content\/uploads\/2020\/09\/bg_comillas_resenias.png|caption^null|alt^null|title^bg_comillas_resenias|description^null\" data-ultimate-bg-style=\"vcpb-default\" data-bg-img-repeat=\"no-repeat\" data-bg-img-size=\"contain\" data-bg-img-position=\"50% 20%\" data-parallx_sense=\"30\" data-bg-override=\"0\" data-bg_img_attach=\"scroll\" data-upb-overlay-color=\"\" data-upb-bg-animation=\"\" data-fadeout=\"\" data-bg-animation=\"left-animation\" data-bg-animation-type=\"h\" data-animation-repeat=\"repeat\" data-fadeout-percentage=\"30\" data-parallax-content=\"\" data-parallax-content-sense=\"30\" data-row-effect-mobile-disable=\"true\" data-img-parallax-mobile-disable=\"true\" data-rtl=\"false\"  data-custom-vc-row=\"\"  data-vc=\"7.7.2\"  data-is_old_vc=\"\"  data-theme-support=\"\"   data-overlay=\"false\" data-overlay-color=\"\" data-overlay-pattern=\"\" data-overlay-pattern-opacity=\"\" data-overlay-pattern-size=\"\"    ><\/div><div id=\"pestanias\" class=\"vc_row wpb_row vc_row-fluid container\"><div class=\"wpb_column vc_column_container vc_col-sm-12\"><div class=\"vc_column-inner \"><div class=\"wpb_wrapper\"><div class=\"vc_tta-container\" data-vc-action=\"collapse\"><div class=\"vc_general vc_tta vc_tta-tabs vc_tta-color-grey vc_tta-style-classic vc_tta-shape-rounded vc_tta-spacing-1 vc_tta-tabs-position-top vc_tta-controls-align-left\"><div class=\"vc_tta-tabs-container\"><ul class=\"vc_tta-tabs-list\"><li class=\"vc_tta-tab vc_active\" data-vc-tab><a href=\"#notascatac6a2-9af3\" data-vc-tabs data-vc-container=\".vc_tta\"><span class=\"vc_tta-title-text\">NOTAS DE CATA<\/span><\/a><\/li><li class=\"vc_tta-tab\" data-vc-tab><a href=\"#descripciontecnicac6a2-9af3\" data-vc-tabs data-vc-container=\".vc_tta\"><span class=\"vc_tta-title-text\">DESCRIPCI\u00d3N T\u00c9CNICA<\/span><\/a><\/li><\/ul><\/div><div class=\"vc_tta-panels-container\"><div class=\"vc_tta-panels\"><div class=\"vc_tta-panel vc_active\" id=\"notascatac6a2-9af3\" data-vc-content=\".vc_tta-panel-body\"><div class=\"vc_tta-panel-heading\"><h4 class=\"vc_tta-panel-title\"><a href=\"#notascatac6a2-9af3\" data-vc-accordion data-vc-container=\".vc_tta-container\"><span class=\"vc_tta-title-text\">NOTAS DE CATA<\/span><\/a><\/h4><\/div><div class=\"vc_tta-panel-body\"><div class=\"uavc-list-icon uavc-list-icon-wrapper ult-adjust-bottom-margin wrapper_notacata  \"><ul class=\"uavc-list\"><li><div class=\"uavc-list-content\" id=\"list-icon-wrap-5982\">\n<div class=\"uavc-list-icon  \" data-animation=\"\" data-animation-delay=\"03\" style=\"margin-right:11px;\"><div class=\"ult-just-icon-wrapper  \"><div class=\"align-icon\" style=\"text-align:center;\">\n<div class=\"aio-icon-img \" style=\"font-size:70px;display:inline-block;\" >\n\t<img decoding=\"async\" class=\"img-icon\" alt=\"null\" src=\"https:\/\/adobeguadalupe.com\/tienda\/wp-content\/uploads\/2022\/04\/icon-vista.svg\"\/>\n<\/div><\/div><\/div>\n<\/div><span  data-ultimate-target='#list-icon-wrap-5982 .uavc-list-desc'  data-responsive-json-new='{\"font-size\":\"\",\"line-height\":\"\"}'  class=\"uavc-list-desc ult-responsive\" style=\"\">Rojo con bordes brillantes.<\/span><\/div><\/li><li><div class=\"uavc-list-content\" id=\"list-icon-wrap-8533\">\n<div class=\"uavc-list-icon  \" data-animation=\"\" data-animation-delay=\"03\" style=\"margin-right:11px;\"><div class=\"ult-just-icon-wrapper  \"><div class=\"align-icon\" style=\"text-align:center;\">\n<div class=\"aio-icon-img \" style=\"font-size:70px;display:inline-block;\" >\n\t<img decoding=\"async\" class=\"img-icon\" alt=\"null\" src=\"https:\/\/adobeguadalupe.com\/tienda\/wp-content\/uploads\/2022\/04\/icon-narizyboca.svg\"\/>\n<\/div><\/div><\/div>\n<\/div><span  data-ultimate-target='#list-icon-wrap-8533 .uavc-list-desc'  data-responsive-json-new='{\"font-size\":\"\",\"line-height\":\"\"}'  class=\"uavc-list-desc ult-responsive\" style=\"\">Bouquet arom\u00e1tico con aromas de rosas rojas, frambuesa, nueces de la india y especias. Taninos suaves y elegantes con acidez balanceada y un final complejo.<\/span><\/div><\/li><li><div class=\"uavc-list-content\" id=\"list-icon-wrap-4627\">\n<div class=\"uavc-list-icon  \" data-animation=\"\" data-animation-delay=\"03\" style=\"margin-right:11px;\"><div class=\"ult-just-icon-wrapper  \"><div class=\"align-icon\" style=\"text-align:center;\">\n<div class=\"aio-icon-img \" style=\"font-size:70px;display:inline-block;\" >\n\t<img decoding=\"async\" class=\"img-icon\" alt=\"null\" src=\"https:\/\/adobeguadalupe.com\/tienda\/wp-content\/uploads\/2022\/04\/icon-maridaje.svg\"\/>\n<\/div><\/div><\/div>\n<\/div><span  data-ultimate-target='#list-icon-wrap-4627 .uavc-list-desc'  data-responsive-json-new='{\"font-size\":\"\",\"line-height\":\"\"}'  class=\"uavc-list-desc ult-responsive\" style=\"\">Carnitas de cerdo, pescados, pato, codorniz y pastas.<\/span><\/div><\/li><\/ul><\/div><\/div><\/div><div class=\"vc_tta-panel\" id=\"descripciontecnicac6a2-9af3\" data-vc-content=\".vc_tta-panel-body\"><div class=\"vc_tta-panel-heading\"><h4 class=\"vc_tta-panel-title\"><a href=\"#descripciontecnicac6a2-9af3\" data-vc-accordion data-vc-container=\".vc_tta-container\"><span class=\"vc_tta-title-text\">DESCRIPCI\u00d3N T\u00c9CNICA<\/span><\/a><\/h4><\/div><div class=\"vc_tta-panel-body\"><div class=\"uavc-list-icon uavc-list-icon-wrapper ult-adjust-bottom-margin wrapper_descripciontecnica  \"><ul class=\"uavc-list\"><li><div class=\"uavc-list-content\" id=\"list-icon-wrap-4524\">\n<div class=\"uavc-list-icon  \" data-animation=\"\" data-animation-delay=\"03\" style=\"margin-right:11px;\"><div class=\"ult-just-icon-wrapper  \"><div class=\"align-icon\" style=\"text-align:center;\">\n<div class=\"aio-icon-img \" style=\"font-size:37px;display:inline-block;\" >\n\t<img decoding=\"async\" class=\"img-icon\" alt=\"null\" src=\"https:\/\/adobeguadalupe.com\/tienda\/wp-content\/uploads\/2022\/04\/icon-barrica.svg\"\/>\n<\/div><\/div><\/div>\n<\/div><span  data-ultimate-target='#list-icon-wrap-4524 .uavc-list-desc'  data-responsive-json-new='{\"font-size\":\"\",\"line-height\":\"\"}'  class=\"uavc-list-desc ult-responsive\" style=\"\">Mezcla estilo Ch\u00e2teauneuf-du-Pape. Syrah, Cinsault, Mourvedre y Granche. 11 meses de crianza en barrica franc\u00e9s.<\/span><\/div><\/li><\/ul><\/div><\/div><\/div><\/div><\/div><\/div><\/div><\/div><\/div><\/div><\/div><div class=\"vc_row wpb_row vc_row-fluid container\"><div class=\"wpb_column vc_column_container vc_col-sm-12\"><div class=\"vc_column-inner \"><div class=\"wpb_wrapper\">\n\t<div class=\"wpb_raw_code wpb_raw_js\" >\n\t\t<div class=\"wpb_wrapper\">\n\t\t\t<script src=\"https:\/\/www.vivino.com\/external\/vivino-widgets.js\" type=\"text\/javascript\" async><\/script>\n\t\t<\/div>\n\t<\/div>\n<\/div><\/div><\/div><\/div>\n<\/div>","protected":false},"excerpt":{"rendered":"<p><span style=\"font-weight: 400;\">Nuestra propuesta de Syrah, Mourvedre &amp; Grenache crea una mezcla \u00fanica de estilo franc\u00e9s, a la mexicana.<\/span><\/p>\n<p><span style=\"font-weight: 400;\">Su seductor cuerpo color rojo rub\u00ed es agradablemente seco, provocando un hormigueo suave y sutil. Conforme se a\u00f1eja, desarrolla un aroma ahumado con notas de tabaco, regaliz, clavo de olor, cuero y vainilla.<\/span><\/p>\n<p><span style=\"font-weight: 400;\">Su profundidad hermosa y oscura de car\u00e1cter complejo le otorgan una larga persistencia marcada por taninos suaves. A diferencia de otras mezclas del R\u00f3dano, Kerubiel deja el paladar con un regusto salado y mantecoso.<\/span><\/p>\n<h6><b>Palabras de Tru:<\/b><\/h6>\n<p><em><span style=\"font-weight: 400;\">&#8220;A Ch\u00e2teauneuf-du-Pape con una pizca de picante&#8221;<\/span><\/em><\/p>\n<p><a class=\"byeeng\" href=\"https:\/\/adobeguadalupe.com\/FT-Kerubiel.jpg\" target=\"_blank\" rel=\"noopener noreferrer\">Descargar ficha t\u00e9cnica<\/a><\/p>\n<p><a class=\"byeesp\" href=\"https:\/\/adobeguadalupe.com\/FT-Kerubiel-ENG.jpg\" target=\"_blank\" rel=\"noopener noreferrer\">Download wine tasting notes<\/a><\/p>\n","protected":false},"featured_media":243,"template":"","meta":[],"product_brand":[],"product_cat":[25,30],"product_tag":[31],"class_list":{"0":"post-213","1":"product","2":"type-product","3":"status-publish","4":"has-post-thumbnail","6":"product_cat-vino","7":"product_cat-vino-tinto","8":"product_tag-tinto-red-wine","10":"first","11":"instock","12":"shipping-taxable","13":"purchasable","14":"product-type-variable"},"_links":{"self":[{"href":"https:\/\/adobeguadalupe.com\/tienda\/wp-json\/wp\/v2\/product\/213","targetHints":{"allow":["GET"]}}],"collection":[{"href":"https:\/\/adobeguadalupe.com\/tienda\/wp-json\/wp\/v2\/product"}],"about":[{"href":"https:\/\/adobeguadalupe.com\/tienda\/wp-json\/wp\/v2\/types\/product"}],"wp:featuredmedia":[{"embeddable":true,"href":"https:\/\/adobeguadalupe.com\/tienda\/wp-json\/wp\/v2\/media\/243"}],"wp:attachment":[{"href":"https:\/\/adobeguadalupe.com\/tienda\/wp-json\/wp\/v2\/media?parent=213"}],"wp:term":[{"taxonomy":"product_brand","embeddable":true,"href":"https:\/\/adobeguadalupe.com\/tienda\/wp-json\/wp\/v2\/product_brand?post=213"},{"taxonomy":"product_cat","embeddable":true,"href":"https:\/\/adobeguadalupe.com\/tienda\/wp-json\/wp\/v2\/product_cat?post=213"},{"taxonomy":"product_tag","embeddable":true,"href":"https:\/\/adobeguadalupe.com\/tienda\/wp-json\/wp\/v2\/product_tag?post=213"}],"curies":[{"name":"wp","href":"https:\/\/api.w.org\/{rel}","templated":true}]}}