{"id":53,"date":"2022-04-19T12:13:54","date_gmt":"2022-04-19T19:13:54","guid":{"rendered":"https:\/\/www.adobeguadalupe.com\/tienda\/?page_id=53"},"modified":"2022-09-21T18:04:23","modified_gmt":"2022-09-22T01:04:23","slug":"politicas-de-empresa-y-cancelaciones","status":"publish","type":"page","link":"https:\/\/adobeguadalupe.com\/tienda\/politicas-de-empresa-y-cancelaciones\/","title":{"rendered":"Pol\u00edticas de empresa y cancelaciones"},"content":{"rendered":"<div class=\"wpb-content-wrapper\"><div class=\"vc_row wpb_row vc_row-fluid container\"><div class=\"wpb_column vc_column_container vc_col-sm-2\"><div class=\"vc_column-inner \"><div class=\"wpb_wrapper\"><\/div><\/div><\/div><div class=\"wpb_column vc_column_container vc_col-sm-8\"><div class=\"vc_column-inner \"><div class=\"wpb_wrapper\"><div class=\"ult-spacer spacer-69ece203cb55f\" data-id=\"69ece203cb55f\" data-height=\"100\" data-height-mobile=\"100\" data-height-tab=\"100\" data-height-tab-portrait=\"\" data-height-mobile-landscape=\"\" style=\"clear:both;display:block;\"><\/div>\n\t<div class=\"wpb_text_column wpb_content_element\" >\n\t\t<div class=\"wpb_wrapper\">\n\t\t\t<h2>P\u00f3liza de cancelaci\u00f3n<\/h2>\n<p style=\"font-weight: 400;\">De no poder asistir a su reservaci\u00f3n,\u00a0<strong><u>no ofrecemos reembolsos.<\/u><\/strong>\u00a0Puede cancelar con un m\u00ednimo de 5 d\u00edas h\u00e1biles sin costo adicional y retomar su reservaci\u00f3n dentro de un a\u00f1o a partir de la fecha en que se hizo su reservaci\u00f3n. De no asistir a su reservaci\u00f3n sin notificaci\u00f3n, la reservaci\u00f3n se perder\u00e1. El cr\u00e9dito es transferible. El cr\u00e9dito es v\u00e1lido \u00fanicamente para\u00a0<strong>domingo a jueves.<\/strong><\/p>\n\n\t\t<\/div>\n\t<\/div>\n<div class=\"ult-spacer spacer-69ece203cb8ad\" data-id=\"69ece203cb8ad\" data-height=\"100\" data-height-mobile=\"100\" data-height-tab=\"100\" data-height-tab-portrait=\"\" data-height-mobile-landscape=\"\" style=\"clear:both;display:block;\"><\/div>\n\t<div class=\"wpb_text_column wpb_content_element\" >\n\t\t<div class=\"wpb_wrapper\">\n\t\t\t<h2>Pol\u00edticas de reservaciones y cancelaciones en cava<\/h2>\n<p>Duraci\u00f3n de la degustaci\u00f3n de 40 &#8211; 50 min<\/p>\n<p>Toda persona que desee entrar al \u00e1rea de cava deber\u00e1 realizar el pago de la degustaci\u00f3n<\/p>\n<p>No se permiten menores de edad<\/p>\n<p>No se permiten mascotas<\/p>\n<p>M\u00ednimo de 2 a un m\u00e1ximo de 8 personas por reservaci\u00f3n<\/p>\n<p>No introducir alimentos ni bebidas dentro del \u00e1rea de cava<\/p>\n<p>No se permite fumar<\/p>\n<p>L\u00edmite de tolerancia de 10 min<\/p>\n<p>Para cancelar su reservaci\u00f3n deber\u00e1n de ser con un m\u00ednimo de 24 hrs antes de la fecha de su reservaci\u00f3n, de hacer la cancelaci\u00f3n el pago no es responsable, el pago de su reservaci\u00f3n puede ser bonificada en la compra de vino \u00fanicamente<\/p>\n<p>Si desea utilizar la bonificaci\u00f3n de su reservaci\u00f3n para un env\u00edo a domicilio favor de comunicarse a tel. (646) 155 2093 | degustacion@adobeguadalupe.com para reagendar<\/p>\n<p>El usuario no podr\u00e1 reagendar su reservaci\u00f3n por medio del sitio web deber\u00e1 comunicarse a 6461552093 o al correo degustacion@adobeguadalupe.com con un l\u00edmite de un a\u00f1o a partir de la fecha de su reservaci\u00f3n.<\/p>\n\n\t\t<\/div>\n\t<\/div>\n<div class=\"ult-spacer spacer-69ece203cb98b\" data-id=\"69ece203cb98b\" data-height=\"100\" data-height-mobile=\"100\" data-height-tab=\"100\" data-height-tab-portrait=\"\" data-height-mobile-landscape=\"\" style=\"clear:both;display:block;\"><\/div>\n\t<div class=\"wpb_text_column wpb_content_element\" >\n\t\t<div class=\"wpb_wrapper\">\n\t\t\t<div class=\"wpb_text_column wpb_content_element \">\n<div class=\"wpb_wrapper\">\n<h2 class=\"wp-block-heading\">Pol\u00edticas de empresa<\/h2>\n<\/div>\n<\/div>\n<div class=\"wpb_text_column wpb_content_element \">\n<div class=\"wpb_wrapper\">\n<ul>\n<li class=\"m_-8322682719365632259MsoListParagraphCxSpFirst\">No se permiten menores de edad<\/li>\n<li class=\"m_-8322682719365632259MsoListParagraphCxSpFirst\"><u><\/u><u><\/u><u><\/u><span lang=\"ES-MX\">No se permite ning\u00fan tipo de mascotas en las instalaciones.<\/span><\/li>\n<li class=\"m_-8322682719365632259MsoListParagraphCxSpMiddle\"><u><\/u><u><\/u><u><\/u>M\u00e1ximo 2 personas por habitaci\u00f3n.<\/li>\n<li class=\"m_-8322682719365632259MsoListParagraphCxSpMiddle\"><span lang=\"ES-MX\">Horario l\u00edmite para visitas 9:00pm.<\/span><\/li>\n<li class=\"m_-8322682719365632259MsoListParagraphCxSpMiddle\"><u><\/u><u><\/u><u><\/u><span lang=\"ES-MX\">No nos hacemos responsables de objetos olvidados despu\u00e9s de 1 a\u00f1o transcurrido.<\/span><\/li>\n<li class=\"m_-8322682719365632259MsoListParagraphCxSpMiddle\"><u><\/u><u><\/u><u><\/u><span lang=\"ES-MX\">Precios y t\u00e9rminos sujetos a cambio.<\/span><\/li>\n<\/ul>\n<\/div>\n<\/div>\n\n\t\t<\/div>\n\t<\/div>\n<div class=\"ult-spacer spacer-69ece203cba73\" data-id=\"69ece203cba73\" data-height=\"100\" data-height-mobile=\"100\" data-height-tab=\"100\" data-height-tab-portrait=\"\" data-height-mobile-landscape=\"\" style=\"clear:both;display:block;\"><\/div><\/div><\/div><\/div><div class=\"wpb_column vc_column_container vc_col-sm-2\"><div class=\"vc_column-inner \"><div class=\"wpb_wrapper\"><\/div><\/div><\/div><\/div><\/div>","protected":false},"excerpt":{"rendered":"P\u00f3liza de cancelaci\u00f3n De no poder asistir a su reservaci\u00f3n,\u00a0no ofrecemos reembolsos.\u00a0Puede cancelar con un m\u00ednimo de 5 d\u00edas h\u00e1biles sin costo adicional y retomar su reservaci\u00f3n dentro de un a\u00f1o a partir de la fecha en que se hizo...","protected":false},"author":1,"featured_media":0,"parent":0,"menu_order":0,"comment_status":"closed","ping_status":"closed","template":"","meta":{"footnotes":""},"class_list":["post-53","page","type-page","status-publish","hentry"],"_links":{"self":[{"href":"https:\/\/adobeguadalupe.com\/tienda\/wp-json\/wp\/v2\/pages\/53","targetHints":{"allow":["GET"]}}],"collection":[{"href":"https:\/\/adobeguadalupe.com\/tienda\/wp-json\/wp\/v2\/pages"}],"about":[{"href":"https:\/\/adobeguadalupe.com\/tienda\/wp-json\/wp\/v2\/types\/page"}],"author":[{"embeddable":true,"href":"https:\/\/adobeguadalupe.com\/tienda\/wp-json\/wp\/v2\/users\/1"}],"replies":[{"embeddable":true,"href":"https:\/\/adobeguadalupe.com\/tienda\/wp-json\/wp\/v2\/comments?post=53"}],"version-history":[{"count":3,"href":"https:\/\/adobeguadalupe.com\/tienda\/wp-json\/wp\/v2\/pages\/53\/revisions"}],"predecessor-version":[{"id":557,"href":"https:\/\/adobeguadalupe.com\/tienda\/wp-json\/wp\/v2\/pages\/53\/revisions\/557"}],"wp:attachment":[{"href":"https:\/\/adobeguadalupe.com\/tienda\/wp-json\/wp\/v2\/media?parent=53"}],"curies":[{"name":"wp","href":"https:\/\/api.w.org\/{rel}","templated":true}]}}