{"id":212,"date":"2022-04-21T12:27:04","date_gmt":"2022-04-21T19:27:04","guid":{"rendered":"https:\/\/www.adobeguadalupe.com\/tienda\/?post_type=product&#038;p=212"},"modified":"2023-07-14T12:53:40","modified_gmt":"2023-07-14T19:53:40","slug":"miguel","status":"publish","type":"product","link":"https:\/\/adobeguadalupe.com\/tienda\/en\/product\/miguel\/","title":{"rendered":"Miguel"},"content":{"rendered":"<div class=\"wpb-content-wrapper\"><div id=\"reviewsvivino\" class=\"vc_row wpb_row vc_row-fluid vc_custom_1599257889525 vc_row-has-fill amz-remove-margin\"><div class=\"container\"><div class=\"vc_row vc_row-fluid vc_row-has-fill\"><div class=\"wpb_column vc_column_container vc_col-sm-12\"><div class=\"vc_column-inner \"><div class=\"wpb_wrapper\"><div id=\"ult-carousel-141651769369d036c0efba3\" class=\"ult-carousel-wrapper   ult_horizontal\" data-gutter=\"30\" data-rtl=\"false\" ><div class=\"ult-carousel-129790617669d036c0efb15 \" ><div class=\"ult-item-wrap\" data-animation=\"animated no-animation\"><div class=\"vc_row wpb_row vc_inner vc_row-fluid\"><div class=\"ult-item-wrap\" data-animation=\"animated no-animation\"><div class=\"wpb_column vc_column_container vc_col-sm-12\"><div class=\"vc_column-inner\"><div class=\"wpb_wrapper\"><div class=\"ult-item-wrap\" data-animation=\"animated no-animation\">\n\t<div class=\"wpb_text_column wpb_content_element\" >\n\t\t<div class=\"wpb_wrapper\">\n\t\t\t<p style=\"text-align: center;\">Color intenso, tanino fuerte, frutos negros maduros, curro, vainilla, chocolate, largo final. Excelente ensamble mexicano.<\/p>\n\n\t\t<\/div>\n\t<\/div>\n<\/div><div class=\"ult-item-wrap\" data-animation=\"animated no-animation\">\n\t<div class=\"wpb_text_column wpb_content_element\" >\n\t\t<div class=\"wpb_wrapper\">\n\t\t\t<p class=\"stars\" style=\"text-align: center;\"><a class=\"star-5\" href=\"#\">.<\/a><\/p>\n\n\t\t<\/div>\n\t<\/div>\n<\/div><div class=\"ult-item-wrap\" data-animation=\"animated no-animation\">\n\t<div class=\"wpb_text_column wpb_content_element\" >\n\t\t<div class=\"wpb_wrapper\">\n\t\t\t<p style=\"text-align: left;\">Alejandro Diaz jaramillo \/ 28 de Enero 2019<\/p>\n\n\t\t<\/div>\n\t<\/div>\n<\/div><div class=\"ult-item-wrap\" data-animation=\"animated no-animation\">\n\t<div class=\"wpb_raw_code wpb_raw_html wpb_content_element\" >\n\t\t<div class=\"wpb_wrapper\">\n\t\t\t<div class=\"vivino-widget vivino-wine-card-widget\" data-vivino-widget-type=\"wine\" data-vivino-vintage-id=\"1967301\" data-vivino-user-id=\"45955779\" data-vivino-widget-language=\"en\" data-vivino-widget-layout=\"medium\"><a href=\"https:\/\/www.vivino.com\/adobe-guadalupe-miguel\/w\/1150712\" target=\"_blank\">Adobe Guadalupe Miguel U.V. on Vivino<\/a><\/div>\n\n\t\t<\/div>\n\t<\/div>\n<\/div><\/div><\/div><\/div><\/div><\/div><\/div><div class=\"ult-item-wrap\" data-animation=\"animated no-animation\"><div class=\"vc_row wpb_row vc_inner vc_row-fluid\"><div class=\"ult-item-wrap\" data-animation=\"animated no-animation\"><div class=\"wpb_column vc_column_container vc_col-sm-12\"><div class=\"vc_column-inner\"><div class=\"wpb_wrapper\"><div class=\"ult-item-wrap\" data-animation=\"animated no-animation\">\n\t<div class=\"wpb_text_column wpb_content_element\" >\n\t\t<div class=\"wpb_wrapper\">\n\t\t\t<p>Nariz con un primer golpe de alcohol, frutos rojo, grosella, flores, en boca frutas, madera, es cremoso, equlibrado y de retrogusto suave, int\u00e9ntalo!!.<\/p>\n\n\t\t<\/div>\n\t<\/div>\n<\/div><div class=\"ult-item-wrap\" data-animation=\"animated no-animation\">\n\t<div class=\"wpb_text_column wpb_content_element\" >\n\t\t<div class=\"wpb_wrapper\">\n\t\t\t<p class=\"stars\" style=\"text-align: center;\"><a class=\"star-5\" href=\"#\">.<\/a><\/p>\n\n\t\t<\/div>\n\t<\/div>\n<\/div><div class=\"ult-item-wrap\" data-animation=\"animated no-animation\">\n\t<div class=\"wpb_text_column wpb_content_element\" >\n\t\t<div class=\"wpb_wrapper\">\n\t\t\t<p style=\"text-align: left;\">Rosa Maria Suarez Novoa \/ 28 de Julio 2019<\/p>\n\n\t\t<\/div>\n\t<\/div>\n<\/div><div class=\"ult-item-wrap\" data-animation=\"animated no-animation\">\n\t<div class=\"wpb_raw_code wpb_raw_html wpb_content_element\" >\n\t\t<div class=\"wpb_wrapper\">\n\t\t\t<div class=\"vivino-widget vivino-wine-card-widget\" data-vivino-widget-type=\"wine\" data-vivino-vintage-id=\"1967301\" data-vivino-user-id=\"45955779\" data-vivino-widget-language=\"en\" data-vivino-widget-layout=\"medium\"><a href=\"https:\/\/www.vivino.com\/adobe-guadalupe-miguel\/w\/1150712\" target=\"_blank\">Adobe Guadalupe Miguel U.V. on Vivino<\/a><\/div>\n\n\t\t<\/div>\n\t<\/div>\n<\/div><\/div><\/div><\/div><\/div><\/div><\/div><div class=\"ult-item-wrap\" data-animation=\"animated no-animation\"><div class=\"vc_row wpb_row vc_inner vc_row-fluid\"><div class=\"ult-item-wrap\" data-animation=\"animated no-animation\"><div class=\"wpb_column vc_column_container vc_col-sm-12\"><div class=\"vc_column-inner\"><div class=\"wpb_wrapper\"><div class=\"ult-item-wrap\" data-animation=\"animated no-animation\">\n\t<div class=\"wpb_text_column wpb_content_element\" >\n\t\t<div class=\"wpb_wrapper\">\n\t\t\t<p style=\"text-align: center;\">Excelente este Arc\u00e1ngel Miguel de Adobe Guadalupe. La \u00faltima vez que lo prob\u00e9 fue en la a\u00f1ada 2012 y mantengo mi valoraci\u00f3n en 3.9. El vino presenta un color rojo rub\u00ed de capa alta y ribete marr\u00f3n. En nariz hay frutos rojos y negros para igual, tabaco y especias. En boca es apenas seco, sedoso, de corpulencia casi total, tanicidad mu agradable y generosa, acidez y potencia medias. Mineralidad discreta pero perceptible y muy acorde a los vinos de la regi\u00f3n. Excelente retrogusto final.<\/p>\n\n\t\t<\/div>\n\t<\/div>\n<\/div><div class=\"ult-item-wrap\" data-animation=\"animated no-animation\">\n\t<div class=\"wpb_text_column wpb_content_element\" >\n\t\t<div class=\"wpb_wrapper\">\n\t\t\t<p class=\"stars\" style=\"text-align: center;\"><a class=\"star-5\" href=\"#\">.<\/a><\/p>\n\n\t\t<\/div>\n\t<\/div>\n<\/div><div class=\"ult-item-wrap\" data-animation=\"animated no-animation\">\n\t<div class=\"wpb_text_column wpb_content_element\" >\n\t\t<div class=\"wpb_wrapper\">\n\t\t\t<p style=\"text-align: left;\">Humberto Z\u00e1rate Mtz \/ 3 de Agosto 2020<\/p>\n\n\t\t<\/div>\n\t<\/div>\n<\/div><div class=\"ult-item-wrap\" data-animation=\"animated no-animation\">\n\t<div class=\"wpb_raw_code wpb_raw_html wpb_content_element\" >\n\t\t<div class=\"wpb_wrapper\">\n\t\t\t<div class=\"vivino-widget vivino-wine-card-widget\" data-vivino-widget-type=\"wine\" data-vivino-vintage-id=\"1967301\" data-vivino-user-id=\"45955779\" data-vivino-widget-language=\"en\" data-vivino-widget-layout=\"medium\"><a href=\"https:\/\/www.vivino.com\/adobe-guadalupe-miguel\/w\/1150712\" target=\"_blank\">Adobe Guadalupe Miguel U.V. on Vivino<\/a><\/div>\n\n\t\t<\/div>\n\t<\/div>\n<\/div><\/div><\/div><\/div><\/div><\/div><\/div><\/div><\/div>\t\t\t<script type=\"text\/javascript\">\n\t\t\t\tjQuery(document).ready(function ($) {\n\t\t\t\t\tif( typeof jQuery('.ult-carousel-129790617669d036c0efb15').slick == \"function\"){\n\t\t\t\t\t\t$('.ult-carousel-129790617669d036c0efb15').slick({dots: false,autoplay: true,autoplaySpeed: \"5000\",speed: \"300\",infinite: true,arrows: true,nextArrow: '<button type=\"button\" role=\"button\" aria-label=\"Next\" style=\"color:#000000; font-size:50px;\" class=\"slick-next default\"><i class=\"ultsl-arrow-right6\"><\/i><\/button>',prevArrow: '<button type=\"button\" role=\"button\" aria-label=\"Previous\" style=\"color:#000000; font-size:50px;\" class=\"slick-prev default\"><i class=\"ultsl-arrow-left6\"><\/i><\/button>',slidesToScroll:1,slidesToShow:1,swipe: true,draggable: true,touchMove: true,pauseOnHover: true,pauseOnFocus: false,responsive: [\n\t\t\t\t\t\t\t{\n\t\t\t\t\t\t\t  breakpoint: 1026,\n\t\t\t\t\t\t\t  settings: {\n\t\t\t\t\t\t\t\tslidesToShow: 1,\n\t\t\t\t\t\t\t\tslidesToScroll: 1,  \n\t\t\t\t\t\t\t  }\n\t\t\t\t\t\t\t},\n\t\t\t\t\t\t\t{\n\t\t\t\t\t\t\t  breakpoint: 1025,\n\t\t\t\t\t\t\t  settings: {\n\t\t\t\t\t\t\t\tslidesToShow: 1,\n\t\t\t\t\t\t\t\tslidesToScroll: 1\n\t\t\t\t\t\t\t  }\n\t\t\t\t\t\t\t},\n\t\t\t\t\t\t\t{\n\t\t\t\t\t\t\t  breakpoint: 760,\n\t\t\t\t\t\t\t  settings: {\n\t\t\t\t\t\t\t\tslidesToShow: 1,\n\t\t\t\t\t\t\t\tslidesToScroll: 1\n\t\t\t\t\t\t\t  }\n\t\t\t\t\t\t\t}\n\t\t\t\t\t\t],pauseOnDotsHover: true,customPaging: function(slider, i) {\n                   return '<i type=\"button\" style= \"color:#333333;\" class=\"ultsl-record\" data-role=\"none\"><\/i>';\n                },});\n\t\t\t\t\t}\n\t\t\t\t});\n\t\t\t<\/script>\n\t\t\t<\/div><\/div><\/div><\/div><\/div><\/div><!-- Row Backgrounds --><div class=\"upb_bg_img\" data-ultimate-bg=\"url(https:\/\/www.karenmanriquez.com\/wp-content\/uploads\/2020\/09\/bg_comillas_resenias.png)\" data-image-id=\"id^687|url^https:\/\/www.karenmanriquez.com\/wp-content\/uploads\/2020\/09\/bg_comillas_resenias.png|caption^null|alt^null|title^bg_comillas_resenias|description^null\" data-ultimate-bg-style=\"vcpb-default\" data-bg-img-repeat=\"no-repeat\" data-bg-img-size=\"contain\" data-bg-img-position=\"50% 20%\" data-parallx_sense=\"30\" data-bg-override=\"0\" data-bg_img_attach=\"scroll\" data-upb-overlay-color=\"\" data-upb-bg-animation=\"\" data-fadeout=\"\" data-bg-animation=\"left-animation\" data-bg-animation-type=\"h\" data-animation-repeat=\"repeat\" data-fadeout-percentage=\"30\" data-parallax-content=\"\" data-parallax-content-sense=\"30\" data-row-effect-mobile-disable=\"true\" data-img-parallax-mobile-disable=\"true\" data-rtl=\"false\"  data-custom-vc-row=\"\"  data-vc=\"7.7.2\"  data-is_old_vc=\"\"  data-theme-support=\"\"   data-overlay=\"false\" data-overlay-color=\"\" data-overlay-pattern=\"\" data-overlay-pattern-opacity=\"\" data-overlay-pattern-size=\"\"    ><\/div><div id=\"pestanias\" class=\"vc_row wpb_row vc_row-fluid container\"><div class=\"wpb_column vc_column_container vc_col-sm-12\"><div class=\"vc_column-inner \"><div class=\"wpb_wrapper\"><div class=\"vc_tta-container\" data-vc-action=\"collapse\"><div class=\"vc_general vc_tta vc_tta-tabs vc_tta-color-grey vc_tta-style-classic vc_tta-shape-rounded vc_tta-spacing-1 vc_tta-tabs-position-top vc_tta-controls-align-left\"><div class=\"vc_tta-tabs-container\"><ul class=\"vc_tta-tabs-list\"><li class=\"vc_tta-tab vc_active\" data-vc-tab><a href=\"#notascata64f0-b00c\" data-vc-tabs data-vc-container=\".vc_tta\"><span class=\"vc_tta-title-text\">NOTAS DE CATA<\/span><\/a><\/li><li class=\"vc_tta-tab\" data-vc-tab><a href=\"#descripciontecnica64f0-b00c\" data-vc-tabs data-vc-container=\".vc_tta\"><span class=\"vc_tta-title-text\">DESCRIPCI\u00d3N T\u00c9CNICA<\/span><\/a><\/li><\/ul><\/div><div class=\"vc_tta-panels-container\"><div class=\"vc_tta-panels\"><div class=\"vc_tta-panel vc_active\" id=\"notascata64f0-b00c\" data-vc-content=\".vc_tta-panel-body\"><div class=\"vc_tta-panel-heading\"><h4 class=\"vc_tta-panel-title\"><a href=\"#notascata64f0-b00c\" data-vc-accordion data-vc-container=\".vc_tta-container\"><span class=\"vc_tta-title-text\">NOTAS DE CATA<\/span><\/a><\/h4><\/div><div class=\"vc_tta-panel-body\"><div class=\"uavc-list-icon uavc-list-icon-wrapper ult-adjust-bottom-margin wrapper_notacata  \"><ul class=\"uavc-list\"><li><div class=\"uavc-list-content\" id=\"list-icon-wrap-1038\">\n<div class=\"uavc-list-icon  \" data-animation=\"\" data-animation-delay=\"03\" style=\"margin-right:11px;\"><div class=\"ult-just-icon-wrapper  \"><div class=\"align-icon\" style=\"text-align:center;\">\n<div class=\"aio-icon-img \" style=\"font-size:70px;display:inline-block;\" >\n\t<img decoding=\"async\" class=\"img-icon\" alt=\"null\" src=\"https:\/\/adobeguadalupe.com\/tienda\/wp-content\/uploads\/2022\/04\/icon-vista.svg\"\/>\n<\/div><\/div><\/div>\n<\/div><span  data-ultimate-target='#list-icon-wrap-1038 .uavc-list-desc'  data-responsive-json-new='{\"font-size\":\"\",\"line-height\":\"\"}'  class=\"uavc-list-desc ult-responsive\" style=\"\">Rojo Obscuro.<\/span><\/div><\/li><li><div class=\"uavc-list-content\" id=\"list-icon-wrap-7120\">\n<div class=\"uavc-list-icon  \" data-animation=\"\" data-animation-delay=\"03\" style=\"margin-right:11px;\"><div class=\"ult-just-icon-wrapper  \"><div class=\"align-icon\" style=\"text-align:center;\">\n<div class=\"aio-icon-img \" style=\"font-size:70px;display:inline-block;\" >\n\t<img decoding=\"async\" class=\"img-icon\" alt=\"null\" src=\"https:\/\/adobeguadalupe.com\/tienda\/wp-content\/uploads\/2022\/04\/icon-narizyboca.svg\"\/>\n<\/div><\/div><\/div>\n<\/div><span  data-ultimate-target='#list-icon-wrap-7120 .uavc-list-desc'  data-responsive-json-new='{\"font-size\":\"\",\"line-height\":\"\"}'  class=\"uavc-list-desc ult-responsive\" style=\"\">Aroma de rosas rojas, geranios y cerezas. Sabores en paladar de frutos rojos como cerezas y ciruela. Taninos suaves y elegantes.<\/span><\/div><\/li><li><div class=\"uavc-list-content\" id=\"list-icon-wrap-5846\">\n<div class=\"uavc-list-icon  \" data-animation=\"\" data-animation-delay=\"03\" style=\"margin-right:11px;\"><div class=\"ult-just-icon-wrapper  \"><div class=\"align-icon\" style=\"text-align:center;\">\n<div class=\"aio-icon-img \" style=\"font-size:70px;display:inline-block;\" >\n\t<img decoding=\"async\" class=\"img-icon\" alt=\"null\" src=\"https:\/\/adobeguadalupe.com\/tienda\/wp-content\/uploads\/2022\/04\/icon-maridaje.svg\"\/>\n<\/div><\/div><\/div>\n<\/div><span  data-ultimate-target='#list-icon-wrap-5846 .uavc-list-desc'  data-responsive-json-new='{\"font-size\":\"\",\"line-height\":\"\"}'  class=\"uavc-list-desc ult-responsive\" style=\"\">Chuletas de cordero y de mas carnes rojas, quesos de sabores fuertes y a\u00f1ejados.<\/span><\/div><\/li><\/ul><\/div><\/div><\/div><div class=\"vc_tta-panel\" id=\"descripciontecnica64f0-b00c\" data-vc-content=\".vc_tta-panel-body\"><div class=\"vc_tta-panel-heading\"><h4 class=\"vc_tta-panel-title\"><a href=\"#descripciontecnica64f0-b00c\" data-vc-accordion data-vc-container=\".vc_tta-container\"><span class=\"vc_tta-title-text\">DESCRIPCI\u00d3N T\u00c9CNICA<\/span><\/a><\/h4><\/div><div class=\"vc_tta-panel-body\"><div class=\"uavc-list-icon uavc-list-icon-wrapper ult-adjust-bottom-margin wrapper_descripciontecnica  \"><ul class=\"uavc-list\"><li><div class=\"uavc-list-content\" id=\"list-icon-wrap-5044\">\n<div class=\"uavc-list-icon  \" data-animation=\"\" data-animation-delay=\"03\" style=\"margin-right:11px;\"><div class=\"ult-just-icon-wrapper  \"><div class=\"align-icon\" style=\"text-align:center;\">\n<div class=\"aio-icon-img \" style=\"font-size:37px;display:inline-block;\" >\n\t<img decoding=\"async\" class=\"img-icon\" alt=\"null\" src=\"https:\/\/adobeguadalupe.com\/tienda\/wp-content\/uploads\/2022\/04\/icon-barrica.svg\"\/>\n<\/div><\/div><\/div>\n<\/div><span  data-ultimate-target='#list-icon-wrap-5044 .uavc-list-desc'  data-responsive-json-new='{\"font-size\":\"\",\"line-height\":\"\"}'  class=\"uavc-list-desc ult-responsive\" style=\"\">Tempranillo, Cabernet Sauvignon, Grenache y Merlot. 10 meses de crianza\u00a0 en barrica de roble franc\u00e9s.<\/span><\/div><\/li><\/ul><\/div><\/div><\/div><\/div><\/div><\/div><\/div><\/div><\/div><\/div><\/div><div class=\"vc_row wpb_row vc_row-fluid container\"><div class=\"wpb_column vc_column_container vc_col-sm-12\"><div class=\"vc_column-inner \"><div class=\"wpb_wrapper\">\n\t<div class=\"wpb_raw_code wpb_raw_js\" >\n\t\t<div class=\"wpb_wrapper\">\n\t\t\t<script src=\"https:\/\/www.vivino.com\/external\/vivino-widgets.js\" type=\"text\/javascript\" async><\/script>\n\t\t<\/div>\n\t<\/div>\n<\/div><\/div><\/div><\/div>\n<\/div>","protected":false},"excerpt":{"rendered":"<p><span style=\"font-weight: 400;\">Tempranillo was the first grape we planted in our vineyards in the late 90s.<\/span><\/p>\n<p><span style=\"font-weight: 400;\">It was in vogue at the time: the perfect black grape variety for the first full-bodied wines of Adobe Guadalupe.<\/span><\/p>\n<p><span style=\"font-weight: 400;\">Miguel is a trip to La Rioja and its Spanish sunbaked landscapes. On the palate, it evolves ever so slowly to release multiple notes and textures, product of the blend between Tempranillo and other varietals, like Cabernet Sauvignon, Merlot &amp; Grenache.<\/span><\/p>\n<h6><b>In Tru's words:<\/b><\/h6>\n<p><em><span style=\"font-weight: 400;\">&#8220;<\/span><span style=\"font-weight: 400;\">\u201cA rich delicacy, easy on the senses\u201c<\/span><\/em><\/p>\n<p><a class=\"byeeng\" href=\"https:\/\/adobeguadalupe.com\/FT-Miguel.jpg\" target=\"_blank\" rel=\"noopener noreferrer\">Download wine tasting notes<\/a><\/p>\n<p><a class=\"byeesp\" href=\"https:\/\/adobeguadalupe.com\/FT-Miguel-ENG.jpg\" target=\"_blank\" rel=\"noopener noreferrer\">Download wine tasting notes<\/a><\/p>","protected":false},"featured_media":242,"template":"","meta":[],"product_brand":[],"product_cat":[25,30],"product_tag":[31],"class_list":{"0":"post-212","1":"product","2":"type-product","3":"status-publish","4":"has-post-thumbnail","6":"product_cat-vino","7":"product_cat-vino-tinto","8":"product_tag-tinto-red-wine","10":"first","11":"instock","12":"shipping-taxable","13":"purchasable","14":"product-type-variable","15":"has-default-attributes"},"_links":{"self":[{"href":"https:\/\/adobeguadalupe.com\/tienda\/en\/wp-json\/wp\/v2\/product\/212","targetHints":{"allow":["GET"]}}],"collection":[{"href":"https:\/\/adobeguadalupe.com\/tienda\/en\/wp-json\/wp\/v2\/product"}],"about":[{"href":"https:\/\/adobeguadalupe.com\/tienda\/en\/wp-json\/wp\/v2\/types\/product"}],"wp:featuredmedia":[{"embeddable":true,"href":"https:\/\/adobeguadalupe.com\/tienda\/en\/wp-json\/wp\/v2\/media\/242"}],"wp:attachment":[{"href":"https:\/\/adobeguadalupe.com\/tienda\/en\/wp-json\/wp\/v2\/media?parent=212"}],"wp:term":[{"taxonomy":"product_brand","embeddable":true,"href":"https:\/\/adobeguadalupe.com\/tienda\/en\/wp-json\/wp\/v2\/product_brand?post=212"},{"taxonomy":"product_cat","embeddable":true,"href":"https:\/\/adobeguadalupe.com\/tienda\/en\/wp-json\/wp\/v2\/product_cat?post=212"},{"taxonomy":"product_tag","embeddable":true,"href":"https:\/\/adobeguadalupe.com\/tienda\/en\/wp-json\/wp\/v2\/product_tag?post=212"}],"curies":[{"name":"wp","href":"https:\/\/api.w.org\/{rel}","templated":true}]}}