{"id":53,"date":"2022-04-19T12:13:54","date_gmt":"2022-04-19T19:13:54","guid":{"rendered":"https:\/\/www.adobeguadalupe.com\/tienda\/?page_id=53"},"modified":"2022-09-21T18:04:23","modified_gmt":"2022-09-22T01:04:23","slug":"politicas-de-empresa-y-cancelaciones","status":"publish","type":"page","link":"https:\/\/adobeguadalupe.com\/tienda\/en\/politicas-de-empresa-y-cancelaciones\/","title":{"rendered":"Company policies and cancelations"},"content":{"rendered":"<div class=\"wpb-content-wrapper\"><div class=\"vc_row wpb_row vc_row-fluid container\"><div class=\"wpb_column vc_column_container vc_col-sm-2\"><div class=\"vc_column-inner\"><div class=\"wpb_wrapper\"><\/div><\/div><\/div><div class=\"wpb_column vc_column_container vc_col-sm-8\"><div class=\"vc_column-inner\"><div class=\"wpb_wrapper\"><div class=\"ult-spacer spacer-69e5b54b0f9a3\" data-id=\"69e5b54b0f9a3\" data-height=\"100\" data-height-mobile=\"100\" data-height-tab=\"100\" data-height-tab-portrait=\"\" data-height-mobile-landscape=\"\" style=\"clear:both;display:block;\"><\/div>\n\t<div class=\"wpb_text_column wpb_content_element\" >\n\t\t<div class=\"wpb_wrapper\">\n\t\t\t<h2>CANCELLATION POLICY<\/h2>\n<p style=\"font-weight: 400;\">If not able to attend to your reservation, there are\u00a0<strong><u>NO refunds.<\/u><\/strong>\u00a0You can cancel the booking with at least 5 days of anticipation at no extra charge, and reschedule within 12 months of your booking.\n\nWithout prior cancellation, the reservation and deposit will be lost. The credit is transferrable.\u00a0<strong>Credit is only available sunday through thursday.<\/strong><\/p>\n\n\t\t<\/div>\n\t<\/div>\n<div class=\"ult-spacer spacer-69e5b54b0fcc8\" data-id=\"69e5b54b0fcc8\" data-height=\"100\" data-height-mobile=\"100\" data-height-tab=\"100\" data-height-tab-portrait=\"\" data-height-mobile-landscape=\"\" style=\"clear:both;display:block;\"><\/div>\n\t<div class=\"wpb_text_column wpb_content_element\" >\n\t\t<div class=\"wpb_wrapper\">\n\t\t\t<h2>RESERVATION AND CANCELLATION POLICIES FOR CELLAR TASTING<\/h2>\n<p>All of our experiences are final. No refunds are available.<\/p>\n<p>Anyone wanting to enter the cellar must pay for the tasting.<\/p>\n<p>No minors are allowed.<\/p>\n<p>No pets are allowed.<\/p>\n<p>We can only have a minimum of (2) two to a maximum of (8) eight people per reservation.<\/p>\n<p>No food, beverages or smoking allowed in the cellar area.<\/p>\n<p>No smoking permitted<\/p>\n<p>There is a 10-minute tolerance limit. If you arrive after that time your tasting will take place at our store.<\/p>\n<p>We respectfully request at least 24-hour notice for cancellations or rescheduling of your tasting and must be made only by phone or email.<\/p>\n<p>Please contact us at +52 646 155 20 93 or degustacion@adobeguadalupe.com<\/p>\n<p>your tasting is valid one year from the date of purchase. There will be no refund.<\/p>\n\n\t\t<\/div>\n\t<\/div>\n<div class=\"ult-spacer spacer-69e5b54b0fda4\" data-id=\"69e5b54b0fda4\" data-height=\"100\" data-height-mobile=\"100\" data-height-tab=\"100\" data-height-tab-portrait=\"\" data-height-mobile-landscape=\"\" style=\"clear:both;display:block;\"><\/div>\n\t<div class=\"wpb_text_column wpb_content_element\" >\n\t\t<div class=\"wpb_wrapper\">\n\t\t\t<div class=\"wpb_text_column wpb_content_element\">\n<div class=\"wpb_wrapper\">\n<h2 class=\"wp-block-heading\">COMPANY POLICIES<\/h2>\n<\/div>\n<\/div>\n<div class=\"wpb_text_column wpb_content_element\">\n<div class=\"wpb_wrapper\">\n<ul>\n<li class=\"m_-8322682719365632259MsoListParagraphCxSpFirst\">No minors are allowed.<\/li>\n<li class=\"m_-8322682719365632259MsoListParagraphCxSpFirst\"><u><\/u><u><\/u><u><\/u><span lang=\"ES-MX\">We love pets, but they are not allowed on the premises.<\/span><\/li>\n<li class=\"m_-8322682719365632259MsoListParagraphCxSpMiddle\"><u><\/u><u><\/u><u><\/u>Maximum 2 persons per room.<\/li>\n<li class=\"m_-8322682719365632259MsoListParagraphCxSpMiddle\"><span lang=\"ES-MX\">Visiting hours end at 9:00pm<\/span><\/li>\n<li class=\"m_-8322682719365632259MsoListParagraphCxSpMiddle\"><u><\/u><u><\/u><u><\/u><span lang=\"ES-MX\">We are not responsible for forgotten objects after 1 year.<\/span><\/li>\n<li class=\"m_-8322682719365632259MsoListParagraphCxSpMiddle\"><u><\/u><u><\/u><u><\/u><span lang=\"ES-MX\">Prices, terms, and policies subject to change.<\/span><\/li>\n<\/ul>\n<\/div>\n<\/div>\n\n\t\t<\/div>\n\t<\/div>\n<div class=\"ult-spacer spacer-69e5b54b0fe8f\" data-id=\"69e5b54b0fe8f\" data-height=\"100\" data-height-mobile=\"100\" data-height-tab=\"100\" data-height-tab-portrait=\"\" data-height-mobile-landscape=\"\" style=\"clear:both;display:block;\"><\/div><\/div><\/div><\/div><div class=\"wpb_column vc_column_container vc_col-sm-2\"><div class=\"vc_column-inner\"><div class=\"wpb_wrapper\"><\/div><\/div><\/div><\/div><\/div>","protected":false},"excerpt":{"rendered":"P\u00f3liza de cancelaci\u00f3n De no poder asistir a su reservaci\u00f3n,\u00a0no ofrecemos reembolsos.\u00a0Puede cancelar con un m\u00ednimo de 5 d\u00edas h\u00e1biles sin costo adicional y retomar su reservaci\u00f3n dentro de un a\u00f1o a partir de la fecha en que se hizo...","protected":false},"author":1,"featured_media":0,"parent":0,"menu_order":0,"comment_status":"closed","ping_status":"closed","template":"","meta":{"footnotes":""},"class_list":["post-53","page","type-page","status-publish","hentry"],"_links":{"self":[{"href":"https:\/\/adobeguadalupe.com\/tienda\/en\/wp-json\/wp\/v2\/pages\/53","targetHints":{"allow":["GET"]}}],"collection":[{"href":"https:\/\/adobeguadalupe.com\/tienda\/en\/wp-json\/wp\/v2\/pages"}],"about":[{"href":"https:\/\/adobeguadalupe.com\/tienda\/en\/wp-json\/wp\/v2\/types\/page"}],"author":[{"embeddable":true,"href":"https:\/\/adobeguadalupe.com\/tienda\/en\/wp-json\/wp\/v2\/users\/1"}],"replies":[{"embeddable":true,"href":"https:\/\/adobeguadalupe.com\/tienda\/en\/wp-json\/wp\/v2\/comments?post=53"}],"version-history":[{"count":3,"href":"https:\/\/adobeguadalupe.com\/tienda\/en\/wp-json\/wp\/v2\/pages\/53\/revisions"}],"predecessor-version":[{"id":557,"href":"https:\/\/adobeguadalupe.com\/tienda\/en\/wp-json\/wp\/v2\/pages\/53\/revisions\/557"}],"wp:attachment":[{"href":"https:\/\/adobeguadalupe.com\/tienda\/en\/wp-json\/wp\/v2\/media?parent=53"}],"curies":[{"name":"wp","href":"https:\/\/api.w.org\/{rel}","templated":true}]}}