{"id":49,"date":"2022-04-19T12:12:59","date_gmt":"2022-04-19T19:12:59","guid":{"rendered":"https:\/\/www.adobeguadalupe.com\/tienda\/?page_id=49"},"modified":"2022-04-24T19:04:25","modified_gmt":"2022-04-25T02:04:25","slug":"404-notfound","status":"publish","type":"page","link":"https:\/\/adobeguadalupe.com\/tienda\/en\/404-notfound\/","title":{"rendered":"404"},"content":{"rendered":"<div class=\"wpb-content-wrapper\"><div class=\"vc_row wpb_row vc_row-fluid amz-remove-margin\"><div class=\"container\"><div class=\"vc_row vc_row-fluid\"><div class=\"wpb_column vc_column_container vc_col-sm-12\"><div class=\"vc_column-inner\"><div class=\"wpb_wrapper\"><div class=\"ult-spacer spacer-69d7df638d38c\" data-id=\"69d7df638d38c\" data-height=\"75\" data-height-mobile=\"75\" data-height-tab=\"75\" data-height-tab-portrait=\"\" data-height-mobile-landscape=\"\" style=\"clear:both;display:block;\"><\/div>\n\t<div id=\"wrapper_logo404\" class=\"wpb_single_image wpb_content_element vc_align_center wpb_content_element\">\n\t\t\n\t\t<figure class=\"wpb_wrapper vc_figure\">\n\t\t\t<div class=\"vc_single_image-wrapper   vc_box_border_grey\"><img loading=\"lazy\" decoding=\"async\" width=\"357\" height=\"159\" src=\"https:\/\/adobeguadalupe.com\/tienda\/wp-content\/uploads\/2022\/04\/logo-vertical-NEW.svg\" class=\"vc_single_image-img attachment-full\" alt=\"\" title=\"logo-vertical-NEW\" \/><\/div>\n\t\t<\/figure>\n\t<\/div>\n<div class=\"ult-spacer spacer-69d7df638d731\" data-id=\"69d7df638d731\" data-height=\"60\" data-height-mobile=\"60\" data-height-tab=\"60\" data-height-tab-portrait=\"\" data-height-mobile-landscape=\"\" style=\"clear:both;display:block;\"><\/div>\n\t<div  class=\"wpb_single_image wpb_content_element vc_align_center wpb_content_element\">\n\t\t\n\t\t<figure class=\"wpb_wrapper vc_figure\">\n\t\t\t<div class=\"vc_single_image-wrapper   vc_box_border_grey\"><img loading=\"lazy\" decoding=\"async\" width=\"343\" height=\"77\" src=\"https:\/\/adobeguadalupe.com\/tienda\/wp-content\/uploads\/2022\/04\/404-error-eng.png\" class=\"vc_single_image-img attachment-full\" alt=\"\" title=\"404-error-eng\" srcset=\"https:\/\/adobeguadalupe.com\/tienda\/wp-content\/uploads\/2022\/04\/404-error-eng.png 343w, https:\/\/adobeguadalupe.com\/tienda\/wp-content\/uploads\/2022\/04\/404-error-eng-300x67.png 300w, https:\/\/adobeguadalupe.com\/tienda\/wp-content\/uploads\/2022\/04\/404-error-eng-18x4.png 18w, https:\/\/adobeguadalupe.com\/tienda\/wp-content\/uploads\/2022\/04\/404-error-eng-64x14.png 64w\" sizes=\"auto, (max-width: 343px) 100vw, 343px\" \/><\/div>\n\t\t<\/figure>\n\t<\/div>\n<div class=\"ult-spacer spacer-69d7df638da9e\" data-id=\"69d7df638da9e\" data-height=\"90\" data-height-mobile=\"90\" data-height-tab=\"90\" data-height-tab-portrait=\"\" data-height-mobile-landscape=\"\" style=\"clear:both;display:block;\"><\/div><\/div><\/div><\/div><\/div><\/div><\/div><!-- Row Backgrounds --><div class=\"upb_bg_img\" data-ultimate-bg=\"url(https:\/\/adobeguadalupe.com\/tienda\/wp-content\/uploads\/2022\/04\/bg-404.png)\" data-image-id=\"id^463|url^https:\/\/adobeguadalupe.com\/tienda\/tienda\/wp-content\/uploads\/2022\/04\/bg-404.png|caption^null|alt^null|title^bg-404|description^null\" data-ultimate-bg-style=\"vcpb-default\" data-bg-img-repeat=\"no-repeat\" data-bg-img-size=\"contain\" data-bg-img-position=\"center bottom\" data-parallx_sense=\"30\" data-bg-override=\"0\" data-bg_img_attach=\"scroll\" data-upb-overlay-color=\"\" data-upb-bg-animation=\"\" data-fadeout=\"\" data-bg-animation=\"left-animation\" data-bg-animation-type=\"h\" data-animation-repeat=\"repeat\" data-fadeout-percentage=\"30\" data-parallax-content=\"\" data-parallax-content-sense=\"30\" data-row-effect-mobile-disable=\"true\" data-img-parallax-mobile-disable=\"true\" data-rtl=\"false\"  data-custom-vc-row=\"\"  data-vc=\"7.7.2\"  data-is_old_vc=\"\"  data-theme-support=\"\"   data-overlay=\"false\" data-overlay-color=\"\" data-overlay-pattern=\"\" data-overlay-pattern-opacity=\"\" data-overlay-pattern-size=\"\"    ><\/div><div class=\"vc_row wpb_row vc_row-fluid vc_custom_1597968399987 vc_row-has-fill amz-remove-margin\"><div class=\"container\"><div class=\"vc_row vc_row-fluid vc_row-has-fill\"><div class=\"wpb_column vc_column_container vc_col-sm-3\"><div class=\"vc_column-inner\"><div class=\"wpb_wrapper\"><\/div><\/div><\/div><div class=\"wpb_column vc_column_container vc_col-sm-6\"><div class=\"vc_column-inner\"><div class=\"wpb_wrapper\">\n\t<div class=\"wpb_text_column wpb_content_element\" >\n\t\t<div class=\"wpb_wrapper\">\n\t\t\t<h3 style=\"text-align: center; color: #f6f6f6;\">LOOKS LIKE THE CONTENT YOU\u2019RE LOOKING FOR HAS BEEN POURED AWAY.<\/h3>\n\n\t\t<\/div>\n\t<\/div>\n<div class=\"ult-spacer spacer-69d7df638e28f\" data-id=\"69d7df638e28f\" data-height=\"20\" data-height-mobile=\"20\" data-height-tab=\"20\" data-height-tab-portrait=\"\" data-height-mobile-landscape=\"\" style=\"clear:both;display:block;\"><\/div>\n\t<div class=\"wpb_text_column wpb_content_element\" >\n\t\t<div class=\"wpb_wrapper\">\n\t\t\t<p style=\"text-align: center;\"><span style=\"color: #f6f6f6;\">It is now beyond our reach, most likely in seventh heaven with the rest of our Archangels. But we\u2019re still here for you, always. <strong>Shall we try something different?<\/strong><\/span><\/p>\n\n\t\t<\/div>\n\t<\/div>\n<div class=\"ult-spacer spacer-69d7df638e343\" data-id=\"69d7df638e343\" data-height=\"25\" data-height-mobile=\"25\" data-height-tab=\"25\" data-height-tab-portrait=\"\" data-height-mobile-landscape=\"\" style=\"clear:both;display:block;\"><\/div><div class=\"ubtn-ctn-center\"><a class=\"ubtn-link ult-adjust-bottom-margin ubtn-center ubtn-custom\" href=\"https:\/\/karenmanriquez.com\/adobenew\/\" title=\"Regresar\" ><button type=\"button\" id=\"ubtn-9241\"  class=\"ubtn ult-adjust-bottom-margin ult-responsive ubtn-custom ubtn-no-hover-bg  none  ubtn-center   tooltip-69d7df638e35d\"  data-hover=\"\" data-border-color=\"\" data-bg=\"#f2d8ba\" data-hover-bg=\"#f6f6f6\" data-border-hover=\"\" data-shadow-hover=\"\" data-shadow-click=\"none\" data-shadow=\"\" data-shd-shadow=\"\"  data-ultimate-target='#ubtn-9241'  data-responsive-json-new='{\"font-size\":\"desktop:14px;tablet:14px;tablet_portrait:14px;mobile_landscape:14px;mobile:14px;\",\"line-height\":\"desktop:14px;tablet:14px;tablet_portrait:14px;mobile_landscape:14px;mobile:14px;\"}'  style=\"font-weight:bold;width:165px;min-height:40px;padding:15px px;border:none;background: #f2d8ba;color: #8d2e44;\"><span class=\"ubtn-hover\" style=\"background-color:#f6f6f6\"><\/span><span class=\"ubtn-data ubtn-text\" >TAKE ME HOME<\/span><\/button><\/a><\/div><\/div><\/div><\/div><div class=\"wpb_column vc_column_container vc_col-sm-3\"><div class=\"vc_column-inner\"><div class=\"wpb_wrapper\"><\/div><\/div><\/div><\/div><\/div><\/div>\n<\/div>","protected":false},"excerpt":{"rendered":"PARECE QUE EL CONTENIDO QUE BUSCAS HA SIDO VERTIDO EN OTRO SITIO. Ahora est\u00e1 fuera de nuestro alcance, probablemente en el para\u00edso con el resto de nuestros Arc\u00e1ngeles. Pero nosotros seguimos aqu\u00ed para ti, siempre. \u00bfQu\u00e9 tal si intentamos algo...","protected":false},"author":1,"featured_media":0,"parent":0,"menu_order":0,"comment_status":"closed","ping_status":"closed","template":"","meta":{"footnotes":""},"class_list":["post-49","page","type-page","status-publish","hentry"],"_links":{"self":[{"href":"https:\/\/adobeguadalupe.com\/tienda\/en\/wp-json\/wp\/v2\/pages\/49","targetHints":{"allow":["GET"]}}],"collection":[{"href":"https:\/\/adobeguadalupe.com\/tienda\/en\/wp-json\/wp\/v2\/pages"}],"about":[{"href":"https:\/\/adobeguadalupe.com\/tienda\/en\/wp-json\/wp\/v2\/types\/page"}],"author":[{"embeddable":true,"href":"https:\/\/adobeguadalupe.com\/tienda\/en\/wp-json\/wp\/v2\/users\/1"}],"replies":[{"embeddable":true,"href":"https:\/\/adobeguadalupe.com\/tienda\/en\/wp-json\/wp\/v2\/comments?post=49"}],"version-history":[{"count":3,"href":"https:\/\/adobeguadalupe.com\/tienda\/en\/wp-json\/wp\/v2\/pages\/49\/revisions"}],"predecessor-version":[{"id":465,"href":"https:\/\/adobeguadalupe.com\/tienda\/en\/wp-json\/wp\/v2\/pages\/49\/revisions\/465"}],"wp:attachment":[{"href":"https:\/\/adobeguadalupe.com\/tienda\/en\/wp-json\/wp\/v2\/media?parent=49"}],"curies":[{"name":"wp","href":"https:\/\/api.w.org\/{rel}","templated":true}]}}