{"id":61,"date":"2022-04-19T12:15:27","date_gmt":"2022-04-19T19:15:27","guid":{"rendered":"https:\/\/www.adobeguadalupe.com\/?page_id=61"},"modified":"2025-05-27T21:23:58","modified_gmt":"2025-05-28T04:23:58","slug":"politicas-de-envio-y-privacidad","status":"publish","type":"page","link":"https:\/\/adobeguadalupe.com\/en\/politicas-de-envio-y-privacidad\/","title":{"rendered":"Pol\u00edticas de env\u00edo y privacidad"},"content":{"rendered":"<div class=\"wp-block-group has-global-padding is-layout-constrained wp-container-core-group-is-layout-3334323b wp-block-group-is-layout-constrained\" style=\"padding-top:80px;padding-right:15px;padding-bottom:80px;padding-left:15px\">\n<div class=\"wp-block-group has-global-padding is-layout-constrained wp-container-core-group-is-layout-bdcbbb17 wp-block-group-is-layout-constrained\">\n<div class=\"wp-block-group has-global-padding is-layout-constrained wp-block-group-is-layout-constrained\">\n<h1 class=\"wp-block-heading\" style=\"margin-bottom:40px\">SHIPPING POLICIES<\/h1>\n\n\n\n<h3 class=\"wp-block-heading\"><strong>COST:<\/strong><\/h3>\n\n\n\n<p>El envi\u00f3 tiene un costo de $350 mn<\/p>\n\n\n\n<p>This cost applies only in areas with Paquetexpress coverage, in case of being an extended area it will have an extra cost depending on the area.<\/p>\n\n\n\n<p>Free shipping on orders above $3,300 MXN<\/p>\n\n\n\n<p>*Prices may change without notice<\/p>\n<\/div>\n\n\n\n<div class=\"wp-block-group has-global-padding is-layout-constrained wp-block-group-is-layout-constrained\">\n<h3 class=\"wp-block-heading\"><strong>DELIVERY TIME:<\/strong><\/h3>\n\n\n\n<p>Delivery time varies between 8 and 10 business days<\/p>\n<\/div>\n\n\n\n<div class=\"wp-block-group has-global-padding is-layout-constrained wp-block-group-is-layout-constrained\">\n<h3 class=\"wp-block-heading\"><strong>PAYMENT METHODS:<\/strong><\/h3>\n\n\n\n<p>We have different payment methods:<\/p>\n\n\n\n<p>-Bank transfer by CLABE account<\/p>\n\n\n\n<p>-Direct payment with Visa and Mastercard card through Stripe<\/p>\n<\/div>\n\n\n\n<div class=\"wp-block-group has-global-padding is-layout-constrained wp-block-group-is-layout-constrained\">\n<h3 class=\"wp-block-heading\"><strong>SPECIFICATIONS OF OUR PRODUCTS:<\/strong><\/h3>\n\n\n\n<p>All information on our website may change without prior notice.<\/p>\n<\/div>\n\n\n\n<div class=\"wp-block-group has-global-padding is-layout-constrained wp-block-group-is-layout-constrained\">\n<h3 class=\"wp-block-heading\"><strong>CANCELLATIONS:<\/strong><\/h3>\n\n\n\n<p>Once the order has been sent, no cancellation can be made, for more information email us at: ventas.tienda@adobeguadalupe.com<\/p>\n<\/div>\n\n\n\n<h3 class=\"wp-block-heading\"><strong>IF YOU HAVE ANY DOUBTS ABOUT THE PRESENT POLICIES THEY CAN BE DISCUSSED DIRECTLY WITH OUR TEAM<\/strong><\/h3>\n<\/div>\n\n\n\n<div class=\"wp-block-group has-global-padding is-layout-constrained wp-container-core-group-is-layout-bdcbbb17 wp-block-group-is-layout-constrained\">\n<h1 class=\"wp-block-heading\" style=\"margin-bottom:70px\">PRIVACY POLICIES<\/h1>\n\n\n\n<p class=\" translation-block\">This Privacy Policy establishes the terms in which Adobe Guadalupe uses and protects the information that is provided by its users when using its website. This company is committed to the security of its users\u2019 data. When we ask you to fill in the fields of personal information with which you can be identified, we do so ensuring that it will only be used in accordance with the terms of this document. However, this Privacy Policy may change over time or be updated, so we recommend and emphasize that you continually review this page to ensure that you agree with said changes.<\/p>\n\n\n\n<div class=\"wp-block-group has-global-padding is-layout-constrained wp-block-group-is-layout-constrained\">\n<h3 class=\"wp-block-heading\"><strong>INFORMATION THAT IS COLLECTED<\/strong><\/h3>\n\n\n\n<p>Nuestro sitio web podr\u00e1 recoger informaci\u00f3n personal por ejemplo: Nombre,&nbsp; informaci\u00f3n de contacto como&nbsp; su direcci\u00f3n de correo electr\u00f3nica e informaci\u00f3n demogr\u00e1fica. As\u00ed mismo cuando sea necesario podr\u00e1 ser requerida informaci\u00f3n espec\u00edfica para procesar alg\u00fan pedido o realizar una entrega o facturaci\u00f3n.<\/p>\n<\/div>\n\n\n\n<div class=\"wp-block-group has-global-padding is-layout-constrained wp-block-group-is-layout-constrained\">\n<h3 class=\"wp-block-heading\"><strong>USE OF COLLECTED INFORMATION<\/strong><\/h3>\n\n\n\n<p>Nuestro sitio web emplea la informaci\u00f3n con el fin de proporcionar el mejor servicio posible, particularmente para mantener un registro de usuarios, de pedidos en caso que aplique, y mejorar nuestros productos y servicios. &nbsp;Es posible que sean enviados correos electr\u00f3nicos peri\u00f3dicamente a trav\u00e9s de nuestro sitio con ofertas especiales, nuevos productos y otra informaci\u00f3n publicitaria que consideremos relevante para usted o que pueda brindarle alg\u00fan beneficio, estos correos electr\u00f3nicos ser\u00e1n enviados a la direcci\u00f3n que usted proporcione y podr\u00e1n ser cancelados en cualquier momento.<\/p>\n\n\n\n<p><strong>Adobe Guadalupe&nbsp;<\/strong>is highly committed to fulfilling its commitment to keep your information secure. We use the most advanced systems and constantly update them to ensure that there is no unauthorized access.<\/p>\n<\/div>\n\n\n\n<div class=\"wp-block-group has-global-padding is-layout-constrained wp-block-group-is-layout-constrained\">\n<h3 class=\"wp-block-heading\"><strong>Cookies<\/strong><\/h3>\n\n\n\n<p>A cookie refers to a file that is sent in order to request permission to be stored on your computer, by accepting said file it is created and the cookie then serves to have information regarding web traffic, and also facilitates future visits to a web recurrent. Another function that cookies have is that with them the web can recognize you individually and therefore provide you with the best personalized service on its web.<\/p>\n\n\n\n<p>Nuestro sitio web emplea las cookies para poder identificar las p\u00e1ginas que son visitadas y su frecuencia. Esta informaci\u00f3n es empleada \u00fanicamente para an\u00e1lisis estad\u00edstico y despu\u00e9s la informaci\u00f3n se elimina de forma permanente. Usted puede eliminar las cookies en cualquier momento desde su ordenador. Sin embargo las cookies ayudan a proporcionar un mejor servicio de los sitios web, est\u00e1s no dan acceso a informaci\u00f3n de su ordenador ni de usted, a menos de que usted as\u00ed lo quiera y la proporcione directamente,&nbsp;. Usted puede aceptar o negar el uso de cookies, sin embargo la mayor\u00eda de navegadores aceptan cookies autom\u00e1ticamente pues sirve para tener un mejor servicio web. Tambi\u00e9n usted puede cambiar la configuraci\u00f3n de su ordenador para declinar las cookies. Si se declinan es posible que no pueda utilizar algunos de nuestros servicios.<\/p>\n<\/div>\n\n\n\n<div class=\"wp-block-group has-global-padding is-layout-constrained wp-block-group-is-layout-constrained\">\n<h3 class=\"wp-block-heading\"><strong>LINKS TO THIRD PARTIES<\/strong><\/h3>\n\n\n\n<p>This website may contain links to other sites that may be of interest to you. Once you click on these links and leave our page, we no longer have control over the site to which you are redirected and therefore we are not responsible for the terms or privacy or the protection of your data on those other third party sites. These sites are subject to their own privacy policies, so it is recommended that you consult them to confirm that you agree with them.<\/p>\n<\/div>\n\n\n\n<div class=\"wp-block-group has-global-padding is-layout-constrained wp-block-group-is-layout-constrained\">\n<h3 class=\"wp-block-heading\"><strong>CONTROL OF YOUR PERSONAL INFORMATION<\/strong><\/h3>\n\n\n\n<p>En cualquier momento usted puede restringir la recopilaci\u00f3n o el uso de la informaci\u00f3n personal que es proporcionada a nuestro sitio web.&nbsp; Cada vez que se le solicite rellenar un formulario, como el de alta de usuario, puede marcar o desmarcar la opci\u00f3n de recibir informaci\u00f3n por correo electr\u00f3nico. &nbsp;En caso de que haya marcado la opci\u00f3n de recibir nuestro bolet\u00edn o publicidad usted puede cancelarla en cualquier momento.<\/p>\n\n\n\n<p>This company will not sell, assign or distribute the personal information that is collected without your consent, unless required by a judge with a court order.<\/p>\n<\/div>\n<\/div>\n\n\n\n<p>It reserves the right to change the terms of this Privacy Policy at any time.<\/p>\n<\/div>","protected":false},"excerpt":{"rendered":"<p>POL\u00cdTICAS DE ENV\u00cdO COSTO: El envi\u00f3 tiene un costo de $350 mn Este costo aplica solo en \u00e1reas con cobertura de paquetexpress, en caso de ser zona extendida tendr\u00e1 un costo extra dependiendo de la zona. En la compra de $3,300 mn o m\u00e1s el envi\u00f3 no tiene costo. *Los precios pueden cambiar sin previo [&hellip;]<\/p>\n","protected":false},"author":1,"featured_media":0,"parent":0,"menu_order":0,"comment_status":"closed","ping_status":"closed","template":"","meta":{"footnotes":""},"class_list":["post-61","page","type-page","status-publish","hentry"],"_links":{"self":[{"href":"https:\/\/adobeguadalupe.com\/en\/wp-json\/wp\/v2\/pages\/61","targetHints":{"allow":["GET"]}}],"collection":[{"href":"https:\/\/adobeguadalupe.com\/en\/wp-json\/wp\/v2\/pages"}],"about":[{"href":"https:\/\/adobeguadalupe.com\/en\/wp-json\/wp\/v2\/types\/page"}],"author":[{"embeddable":true,"href":"https:\/\/adobeguadalupe.com\/en\/wp-json\/wp\/v2\/users\/1"}],"replies":[{"embeddable":true,"href":"https:\/\/adobeguadalupe.com\/en\/wp-json\/wp\/v2\/comments?post=61"}],"version-history":[{"count":6,"href":"https:\/\/adobeguadalupe.com\/en\/wp-json\/wp\/v2\/pages\/61\/revisions"}],"predecessor-version":[{"id":2767,"href":"https:\/\/adobeguadalupe.com\/en\/wp-json\/wp\/v2\/pages\/61\/revisions\/2767"}],"wp:attachment":[{"href":"https:\/\/adobeguadalupe.com\/en\/wp-json\/wp\/v2\/media?parent=61"}],"curies":[{"name":"wp","href":"https:\/\/api.w.org\/{rel}","templated":true}]}}