{"id":53,"date":"2022-04-19T12:13:54","date_gmt":"2022-04-19T19:13:54","guid":{"rendered":"https:\/\/www.adobeguadalupe.com\/?page_id=53"},"modified":"2025-05-27T21:23:36","modified_gmt":"2025-05-28T04:23:36","slug":"politicas-de-empresa-y-cancelaciones","status":"publish","type":"page","link":"https:\/\/adobeguadalupe.com\/en\/politicas-de-empresa-y-cancelaciones\/","title":{"rendered":"Company policies and cancelations"},"content":{"rendered":"<div class=\"wp-block-group has-global-padding is-layout-constrained wp-container-core-group-is-layout-66e1b4a2 wp-block-group-is-layout-constrained\" style=\"padding-top:100px;padding-right:15px;padding-bottom:100px;padding-left:15px\">\n<div class=\"wp-block-group has-global-padding is-layout-constrained wp-container-core-group-is-layout-bdcbbb17 wp-block-group-is-layout-constrained\">\n<h1 class=\"wp-block-heading\">CANCELLATION POLICY<\/h1>\n\n\n\n<p>If not able to attend to your reservation, there are&nbsp;<strong><u>NO refunds.<\/u><\/strong>&nbsp;You can cancel the booking with at least 5 days of anticipation at no extra charge, and reschedule within 12 months of your booking.\n\nWithout prior cancellation, the reservation and deposit will be lost. The credit is transferrable.&nbsp;<strong>Credit is only available sunday through thursday.<\/strong><\/p>\n<\/div>\n\n\n\n<div class=\"wp-block-group has-global-padding is-layout-constrained wp-container-core-group-is-layout-bdcbbb17 wp-block-group-is-layout-constrained\">\n<h1 class=\"wp-block-heading\">RESERVATION AND CANCELLATION POLICIES FOR CELLAR TASTING<\/h1>\n\n\n\n<ul class=\"wp-block-list\">\n<li>Duraci\u00f3n de la degustaci\u00f3n de 40 \u2013 50 min<\/li>\n\n\n\n<li>Anyone wanting to enter the cellar must pay for the tasting.<\/li>\n\n\n\n<li>No minors are allowed.<\/li>\n\n\n\n<li>No pets are allowed.<\/li>\n\n\n\n<li>We can only have a minimum of (2) two to a maximum of (8) eight people per reservation.<\/li>\n\n\n\n<li>No food, beverages or smoking allowed in the cellar area.<\/li>\n\n\n\n<li>No smoking permitted<\/li>\n\n\n\n<li>There is a 10-minute tolerance limit. If you arrive after that time your tasting will take place at our store.<\/li>\n\n\n\n<li>We respectfully request at least 24-hour notice for cancellations or rescheduling of your tasting and must be made only by phone or email.<\/li>\n\n\n\n<li>Please contact us at +52 646 155 20 93 or degustacion@adobeguadalupe.com<\/li>\n\n\n\n<li>El usuario no podr\u00e1 reagendar su reservaci\u00f3n por medio del sitio web deber\u00e1 comunicarse a (646) 155 2093 o al correo degustacion@adobeguadalupe.com con un l\u00edmite de un a\u00f1o a partir de la fecha de su reservaci\u00f3n.<\/li>\n<\/ul>\n<\/div>\n\n\n\n<div class=\"wp-block-group has-global-padding is-layout-constrained wp-container-core-group-is-layout-bdcbbb17 wp-block-group-is-layout-constrained\">\n<h1 class=\"wp-block-heading\">COMPANY POLICIES<\/h1>\n\n\n\n<ul class=\"wp-block-list\">\n<li>No minors are allowed.<\/li>\n\n\n\n<li>We love pets, but they are not allowed on the premises.<\/li>\n\n\n\n<li>Maximum 2 persons per room.<\/li>\n\n\n\n<li>Visiting hours end at 9:00pm<\/li>\n\n\n\n<li>We are not responsible for forgotten objects after 1 year.<\/li>\n\n\n\n<li>Prices, terms, and policies subject to change.<\/li>\n<\/ul>\n<\/div>\n<\/div>","protected":false},"excerpt":{"rendered":"<p>P\u00f3liza de cancelaci\u00f3n De no poder asistir a su reservaci\u00f3n,&nbsp;no ofrecemos reembolsos.&nbsp;Puede cancelar con un m\u00ednimo de 5 d\u00edas h\u00e1biles sin costo adicional y retomar su reservaci\u00f3n dentro de un a\u00f1o a partir de la fecha en que se hizo su reservaci\u00f3n. De no asistir a su reservaci\u00f3n sin notificaci\u00f3n, la reservaci\u00f3n se perder\u00e1. El [&hellip;]<\/p>\n","protected":false},"author":1,"featured_media":0,"parent":0,"menu_order":0,"comment_status":"closed","ping_status":"closed","template":"","meta":{"footnotes":""},"class_list":["post-53","page","type-page","status-publish","hentry"],"_links":{"self":[{"href":"https:\/\/adobeguadalupe.com\/en\/wp-json\/wp\/v2\/pages\/53","targetHints":{"allow":["GET"]}}],"collection":[{"href":"https:\/\/adobeguadalupe.com\/en\/wp-json\/wp\/v2\/pages"}],"about":[{"href":"https:\/\/adobeguadalupe.com\/en\/wp-json\/wp\/v2\/types\/page"}],"author":[{"embeddable":true,"href":"https:\/\/adobeguadalupe.com\/en\/wp-json\/wp\/v2\/users\/1"}],"replies":[{"embeddable":true,"href":"https:\/\/adobeguadalupe.com\/en\/wp-json\/wp\/v2\/comments?post=53"}],"version-history":[{"count":5,"href":"https:\/\/adobeguadalupe.com\/en\/wp-json\/wp\/v2\/pages\/53\/revisions"}],"predecessor-version":[{"id":2766,"href":"https:\/\/adobeguadalupe.com\/en\/wp-json\/wp\/v2\/pages\/53\/revisions\/2766"}],"wp:attachment":[{"href":"https:\/\/adobeguadalupe.com\/en\/wp-json\/wp\/v2\/media?parent=53"}],"curies":[{"name":"wp","href":"https:\/\/api.w.org\/{rel}","templated":true}]}}