{"id":49,"date":"2022-04-19T12:12:59","date_gmt":"2022-04-19T19:12:59","guid":{"rendered":"https:\/\/www.adobeguadalupe.com\/?page_id=49"},"modified":"2022-04-24T18:11:46","modified_gmt":"2022-04-25T01:11:46","slug":"404-notfound","status":"publish","type":"page","link":"https:\/\/adobeguadalupe.com\/en\/404-notfound\/","title":{"rendered":"404"},"content":{"rendered":"<p>[vc_row full_width=&#8221;stretch_row&#8221; bg_type=&#8221;image&#8221; parallax_style=&#8221;vcpb-default&#8221; bg_image_new=&#8221;id^405|url^https:\/\/www.adobeguadalupe.com\/wp-content\/uploads\/2022\/04\/bg-404.png|caption^null|alt^null|title^bg-404|description^null&#8221; bg_image_repeat=&#8221;no-repeat&#8221; bg_image_size=&#8221;contain&#8221; bg_image_posiiton=&#8221;center bottom&#8221;][vc_column][ultimate_spacer height=&#8221;75&#8243;][vc_single_image image=&#8221;329&#8243; img_size=&#8221;full&#8221; alignment=&#8221;center&#8221; el_id=&#8221;wrapper_logo404&#8243;][ultimate_spacer height=&#8221;60&#8243;][vc_single_image image=&#8221;407&#8243; img_size=&#8221;full&#8221; alignment=&#8221;center&#8221;][ultimate_spacer height=&#8221;90&#8243;][\/vc_column][\/vc_row][vc_row full_width=&#8221;stretch_row&#8221; css=&#8221;.vc_custom_1597968399987{background-color: #952d46 !important;}&#8221;][vc_column width=&#8221;1\/4&#8243;][\/vc_column][vc_column width=&#8221;1\/2&#8243;][vc_column_text]<\/p>\n<h3 style=\"text-align: center; color: #f6f6f6;\">PARECE QUE EL CONTENIDO QUE BUSCAS HA SIDO VERTIDO EN OTRO SITIO.<\/h3>\n<p>[\/vc_column_text][ultimate_spacer height=&#8221;20&#8243;][vc_column_text]<\/p>\n<p style=\"text-align: center;\"><span style=\"color: #f6f6f6;\">Ahora est\u00e1 fuera de nuestro alcance, probablemente en el para\u00edso con el resto de nuestros Arc\u00e1ngeles. Pero nosotros seguimos aqu\u00ed para ti, siempre. <strong>\u00bfQu\u00e9 tal si intentamos algo diferente?<\/strong><\/span><\/p>\n<p>[\/vc_column_text][ultimate_spacer height=&#8221;25&#8243;][ult_buttons btn_title=&#8221;LL\u00c9VAME A CASA&#8221; btn_link=&#8221;url:https%3A%2F%2Fwww.adobeguadalupe.com%2F|title:Regresar&#8221; btn_align=&#8221;ubtn-center&#8221; btn_size=&#8221;ubtn-custom&#8221; btn_width=&#8221;165&#8243; btn_height=&#8221;40&#8243; btn_padding_top=&#8221;15&#8243; btn_title_color=&#8221;#8d2e44&#8243; btn_bg_color=&#8221;#f2d8ba&#8221; btn_bg_color_hover=&#8221;#f6f6f6&#8243; icon_size=&#8221;32&#8243; btn_icon_pos=&#8221;ubtn-sep-icon-at-left&#8221; btn_font_style=&#8221;font-weight:bold;&#8221; btn_font_size=&#8221;desktop:14px;tablet:14px;tablet_portrait:14px;mobile_landscape:14px;mobile:14px;&#8221; btn_line_height=&#8221;desktop:14px;tablet:14px;tablet_portrait:14px;mobile_landscape:14px;mobile:14px;&#8221;][\/vc_column][vc_column width=&#8221;1\/4&#8243;][\/vc_column][\/vc_row]<\/p>\n","protected":false},"excerpt":{"rendered":"<p>[vc_row full_width=&#8221;stretch_row&#8221; bg_type=&#8221;image&#8221; parallax_style=&#8221;vcpb-default&#8221; bg_image_new=&#8221;id^405|url^https:\/\/www.adobeguadalupe.com\/wp-content\/uploads\/2022\/04\/bg-404.png|caption^null|alt^null|title^bg-404|description^null&#8221; bg_image_repeat=&#8221;no-repeat&#8221; bg_image_size=&#8221;contain&#8221; bg_image_posiiton=&#8221;center bottom&#8221;][vc_column][ultimate_spacer height=&#8221;75&#8243;][vc_single_image image=&#8221;329&#8243; img_size=&#8221;full&#8221; alignment=&#8221;center&#8221; el_id=&#8221;wrapper_logo404&#8243;][ultimate_spacer height=&#8221;60&#8243;][vc_single_image image=&#8221;407&#8243; img_size=&#8221;full&#8221; alignment=&#8221;center&#8221;][ultimate_spacer height=&#8221;90&#8243;][\/vc_column][\/vc_row][vc_row full_width=&#8221;stretch_row&#8221; css=&#8221;.vc_custom_1597968399987{background-color: #952d46 !important;}&#8221;][vc_column width=&#8221;1\/4&#8243;][\/vc_column][vc_column width=&#8221;1\/2&#8243;][vc_column_text] PARECE QUE EL CONTENIDO QUE BUSCAS HA SIDO VERTIDO EN OTRO SITIO. [\/vc_column_text][ultimate_spacer height=&#8221;20&#8243;][vc_column_text] Ahora est\u00e1 fuera de nuestro alcance, probablemente en el para\u00edso con el resto de nuestros Arc\u00e1ngeles. [&hellip;]<\/p>\n","protected":false},"author":1,"featured_media":0,"parent":0,"menu_order":0,"comment_status":"closed","ping_status":"closed","template":"","meta":{"footnotes":""},"class_list":["post-49","page","type-page","status-publish","hentry"],"_links":{"self":[{"href":"https:\/\/adobeguadalupe.com\/en\/wp-json\/wp\/v2\/pages\/49","targetHints":{"allow":["GET"]}}],"collection":[{"href":"https:\/\/adobeguadalupe.com\/en\/wp-json\/wp\/v2\/pages"}],"about":[{"href":"https:\/\/adobeguadalupe.com\/en\/wp-json\/wp\/v2\/types\/page"}],"author":[{"embeddable":true,"href":"https:\/\/adobeguadalupe.com\/en\/wp-json\/wp\/v2\/users\/1"}],"replies":[{"embeddable":true,"href":"https:\/\/adobeguadalupe.com\/en\/wp-json\/wp\/v2\/comments?post=49"}],"version-history":[{"count":6,"href":"https:\/\/adobeguadalupe.com\/en\/wp-json\/wp\/v2\/pages\/49\/revisions"}],"predecessor-version":[{"id":2863,"href":"https:\/\/adobeguadalupe.com\/en\/wp-json\/wp\/v2\/pages\/49\/revisions\/2863"}],"wp:attachment":[{"href":"https:\/\/adobeguadalupe.com\/en\/wp-json\/wp\/v2\/media?parent=49"}],"curies":[{"name":"wp","href":"https:\/\/api.w.org\/{rel}","templated":true}]}}