{"id":2736,"date":"2025-05-27T21:25:35","date_gmt":"2025-05-28T04:25:35","guid":{"rendered":"https:\/\/adobeguadalupe.com\/?page_id=2736"},"modified":"2025-05-28T12:14:23","modified_gmt":"2025-05-28T19:14:23","slug":"caballos","status":"publish","type":"page","link":"https:\/\/adobeguadalupe.com\/en\/caballos\/","title":{"rendered":"HORSES"},"content":{"rendered":"\n<div class=\"wp-block-cover has-custom-content-position is-position-bottom-center\" style=\"min-height:450px;aspect-ratio:unset;\" id=\"firstfoldcaballos\"><span aria-hidden=\"true\" class=\"wp-block-cover__background has-background-dim-0 has-background-dim\" style=\"background-color:#7a7979\"><\/span><img decoding=\"async\" class=\"wp-block-cover__image-background wp-image-254\" alt=\"\" src=\"https:\/\/karenmanriquez.com\/adobegpe\/wp-content\/uploads\/2025\/03\/bg_caballos.jpg\" style=\"object-position:49% 93%\" data-object-fit=\"cover\" data-object-position=\"49% 93%\"\/><div class=\"wp-block-cover__inner-container has-global-padding is-layout-constrained wp-block-cover-is-layout-constrained\">\n<div class=\"wp-block-group alignfull has-global-padding is-layout-constrained wp-block-group-is-layout-constrained\">\n<h2 class=\"wp-block-heading has-text-align-center\">\u2014 Caballos azteca \u2014<\/h2>\n<\/div>\n<\/div><\/div>\n\n\n\n<div id=\"introcaballos\" class=\"wp-block-group has-global-padding is-layout-constrained wp-block-group-is-layout-constrained\" style=\"padding-top:40px;padding-bottom:80px\">\n<div class=\"wp-block-group is-content-justification-center is-nowrap is-layout-flex wp-container-core-group-is-layout-670d38e7 wp-block-group-is-layout-flex\">\n<h1 class=\"wp-block-heading has-text-align-center\">\u00bfQU\u00c9 TAL UN<\/h1>\n\n\n\n<h2 class=\"wp-block-heading has-text-align-center\">paseo m\u00e1gico<\/h2>\n<\/div>\n\n\n\n<h1 class=\"wp-block-heading has-text-align-center\">A CABALLO POR LOS VI\u00d1EDOS?<\/h1>\n<\/div>\n\n\n\n<div class=\"wp-block-columns is-layout-flex wp-container-core-columns-is-layout-33ba964e wp-block-columns-is-layout-flex\" id=\"reglas_caballos\">\n<div class=\"wp-block-column is-layout-flow wp-block-column-is-layout-flow\" style=\"flex-basis:45%\">\n<div class=\"wp-block-cover is-light\" style=\"min-height:100%;aspect-ratio:unset;\"><span aria-hidden=\"true\" class=\"wp-block-cover__background has-background-dim-0 has-background-dim\" style=\"background-color:#7985a8\"><\/span><img decoding=\"async\" class=\"wp-block-cover__image-background wp-image-255\" alt=\"\" src=\"https:\/\/karenmanriquez.com\/adobegpe\/wp-content\/uploads\/2025\/03\/img-paquetescabalgata.jpg\" data-object-fit=\"cover\"\/><div class=\"wp-block-cover__inner-container has-global-padding is-layout-constrained wp-block-cover-is-layout-constrained\">\n<p class=\"has-text-align-center has-large-font-size\"><\/p>\n<\/div><\/div>\n<\/div>\n\n\n\n<div class=\"wp-block-column is-layout-flow wp-block-column-is-layout-flow\" style=\"padding-top:40px;padding-bottom:0px\">\n<div class=\"wp-block-group has-global-padding is-layout-constrained wp-container-core-group-is-layout-60da1c82 wp-block-group-is-layout-constrained\" style=\"margin-bottom:40px;padding-right:40px;padding-left:40px\">\n<h3 class=\"wp-block-heading has-contrast-color has-text-color has-link-color wp-elements-0e0cfd81cd6fc4becc185d2984ff9198\">YA SEA QUE MONTES AL ESTILO INGL\u00c9S U OCCIDENTAL, NUESTROS CABALLOS AZTECA TE ESPERAN EN NUESTROS ESTABLOS.<\/h3>\n\n\n\n<p><strong>Hay pocas cosas en la vida m\u00e1s rom\u00e1nticas que un paseo a caballo por los vi\u00f1edos de Adobe Guadalupe.<\/strong><\/p>\n\n\n\n<p>Experimenta una cabalgata \u00fanica en nuestros hermosos vi\u00f1edos. Emb\u00e1rcate en una excursi\u00f3n panor\u00e1mica, relajante y rejuvenecedora sobre nuestros caballos, durante 60 minutos y bajo la batuta de Salom\u00f3n, nuestro experimentado gu\u00eda con 15 a\u00f1os como caballerango profesional.<\/p>\n\n\n\n<p>Las impresionantes vistas y el romance de la regi\u00f3n vin\u00edcola del Valle de Guadalupe estar\u00e1n a tu alcance. Ven a explorar los caminos traseros y senderos de nuestra hacienda como nunca lo has hecho antes.<\/p>\n\n\n\n<ul class=\"wp-block-list\">\n<li>No se admiten menores de 12 a\u00f1os.<\/li>\n\n\n\n<li>Solo es posible que monten 2 personas a la vez.<\/li>\n<\/ul>\n<\/div>\n\n\n\n<div class=\"wp-block-group has-accent-4-background-color has-background has-global-padding is-layout-constrained wp-container-core-group-is-layout-e158748c wp-block-group-is-layout-constrained\" style=\"padding-top:40px;padding-right:40px;padding-bottom:40px;padding-left:40px\">\n<p><strong>Para que tu viaje sea un recuerdo inolvidable, aseg\u00farate de llevar o traer los siguientes art\u00edculos:<\/strong><\/p>\n\n\n\n<ol class=\"wp-block-list\">\n<li>Lentes de sol<\/li>\n\n\n\n<li>Protector solar<\/li>\n\n\n\n<li>Pantalones o jeans<\/li>\n\n\n\n<li>Zapatos cerrados (por ejemplo, botas, no sandalias)<\/li>\n<\/ol>\n<\/div>\n<\/div>\n<\/div>\n\n\n\n<div id=\"reserva_caballos\" class=\"wp-block-group has-global-padding is-layout-constrained wp-container-core-group-is-layout-17dc3e27 wp-block-group-is-layout-constrained\" style=\"padding-top:80px;padding-right:15px;padding-bottom:80px;padding-left:15px\">\n<h1 class=\"wp-block-heading has-text-align-center\" style=\"margin-bottom:40px\">CABALGUEMOS JUNTOS<\/h1>\n\n\n\r\n\t<div id=\"calendarista_3\" class=\"calendarista card calendarista-typography\">\r\n\t\t\t\t<div class=\"calendarista-wizard card\">\r\n\t\t\t<div class=\"card-header\">\r\n\t\t\t\t<div class=\"col-xl-12 calendarista-navbar-container\">\r\n\t\t\t\t\t<div id=\"navbar_calendarista_3\">\r\n\t\t\t\t\t\t<ol class=\"nav nav-tabs calendarista-wizard-nav card-header-tabs calendarista-typography--caption1\">\r\n\t\t\t\t\t\t\t\t\t\t\t\t  <li class=\"nav-item\">\r\n\t\t\t\t\t\t\t<a href=\"#\" class=\"nav-link active\" data-calendarista-index=\"1\">\r\n\t\t\t\t\t\t\t  <span class=\"calendarista-nav-label\">Date and time<\/span>\r\n\t\t\t\t\t\t\t<\/a>\r\n\t\t\t\t\t\t  <\/li>\r\n\t\t\t\t\t\t  \t\t\t\t\t\t  <li class=\"nav-item\">\r\n\t\t\t\t\t\t\t<a href=\"#\" class=\"nav-link\" data-calendarista-index=\"2\">\r\n\t\t\t\t\t\t\t  <span class=\"calendarista-nav-label\">Details<\/span>\r\n\t\t\t\t\t\t\t<\/a>\r\n\t\t\t\t\t\t  <\/li>\r\n\t\t\t\t\t\t  \t\t\t\t\t\t  <li class=\"nav-item\">\r\n\t\t\t\t\t\t\t<a href=\"#\" class=\"nav-link\" data-calendarista-index=\"3\">\r\n\t\t\t\t\t\t\t  <span class=\"calendarista-nav-label\">Check out<\/span>\r\n\t\t\t\t\t\t\t<\/a>\r\n\t\t\t\t\t\t  <\/li>\r\n\t\t\t\t\t\t  \t\t\t\t\t\t<\/ol>\r\n\t\t\t\t\t\t\t\t\t\t\t<\/div>\r\n\t\t\t\t<\/div>\r\n\t\t\t<\/div>\r\n\t\t\t<div class=\"card-body\">\r\n\t\t\t\t<div class=\"calendarista-wizard-section-block calendarista-wizard-section-block-include-thumb calendarista-wizard-section-no-thumbnail\">\r\n\t\t\t\t\t<div class=\"calendarista-wizard-section-block-thumb\" style=\"display:none;\"><\/div>\r\n\t\t\t\t\t<div class=\"container\">\r\n\t\t\t\t\t\t\t\t\t\t\t\t\t\t\t\t\t\t<form id=\"form-calendarista_3\" data-parsley-validate action=\"\/en\/wp-json\/wp\/v2\/pages\/2736#CAL3\" method=\"post\" \r\n\t\t\t\t\t\t\tdata-parsley-inputs=\"input, textarea, select, hidden\" \r\n\t\t\t\t\t\t\tdata-parsley-excluded=\"input[type=button], input[type=submit], input[type=reset]\">\r\n\t\t\t\t\t\t\t<input type=\"hidden\" name=\"calendarista_nonce\" value=\"9e9567e2b6\"\/>\r\n\t\t\t\t\t\t\t<input type=\"hidden\" name=\"projectId\" value=\"3\">\r\n\t\t\t\t\t\t\t<input type=\"hidden\" name=\"calendarMode\" value=\"1\">\r\n\t\t\t\t\t\t\t<input type=\"hidden\" name=\"postbackStep\" value=\"calendar\"> \r\n\t\t\t\t\t\t\t<input type=\"hidden\" name=\"availabilityPreviewUrl\" value=\"\">\r\n\t\t\t\t\t\t\t<input type=\"hidden\" name=\"serviceThumbnailView\" value=\"0\">\r\n\t\t\t\t\t\t\t<input type=\"hidden\" name=\"availabilityThumbnailView\" value=\"0\">\r\n\t\t\t\t\t\t\t<input type=\"hidden\" name=\"__viewstate\" value=\"a:1:{i:0;a:1:{s:9:&quot;projectId&quot;;i:3;}}\">\r\n\t\t\t\t\t\t\t<input type=\"hidden\" name=\"stagingId\" value=\"\">\r\n\t\t\t\t\t\t\t<input type=\"hidden\" name=\"requestId\" value=\"calendarista_req_1776034404_69dc2264299ca\">\r\n\t\t\t\t\t\t\t<input type=\"hidden\" name=\"projectList\" value=\"3\">\r\n\t\t\t\t\t\t\t<input type=\"hidden\" name=\"enableMultipleBooking\" value=\"\">\r\n\t\t\t\t\t\t\t<input type=\"hidden\" name=\"calendarista_cart\" value=\"\"\/>\r\n\t\t\t\t\t\t\t\t\t<div class=\"calendarista calendarista-calendar-legend3 hide\">\r\n\t\t\t\t<div class=\"clearfix\"><\/div>\r\n\t<\/div>\r\n\t<input type=\"hidden\" name=\"availableDate\" value=\"\"\/>\r\n\t<input type=\"hidden\" name=\"minDate\" value=\"12\/04\/2026\"\/>\r\n\t<input type=\"hidden\" name=\"endDate\" value=\"\"\/>\r\n\t<input type=\"hidden\" name=\"clientAvailableDate\" value=\"\"\/>\r\n\t<input type=\"hidden\" name=\"clientEndDate\" value=\"\"\/>\r\n\t<input type=\"hidden\" name=\"maxTimeslots\" value=\"1\"\/>\r\n\t<input type=\"hidden\" name=\"timezone\" value=\"\"\/>\r\n\t<input type=\"hidden\" name=\"dynamicFieldsCount\" value=\"1\" \/>\r\n\t<input type=\"hidden\" name=\"multiDateSelection\" value=\"\"\/>\r\n\t<input type=\"hidden\" name=\"bookingDaysMinimum\" value=\"0\"\/>\r\n\t\t\t\t\t\t<div class=\"availability_placeholder\">\r\n\t\t\t\t<input type=\"hidden\" \r\n\t\t\tname=\"availabilityId\" \r\n\t\t\tvalue=\"4\" \/>\r\n\t\t\t<\/div>\r\n\t\t\t<div class=\"col-xl-12\">\r\n\t\t\t<div id=\"calendarista_liveregion\" role=\"log\" aria-live=\"assertive\" aria-atomic=\"true\" aria-relevant=\"additions\" class=\"sr-only\"><\/div>\r\n\t\t\t<div class=\"form-group\">\r\n\t\t\t\t<label class=\"form-control-label calendarista-typography--caption1\" for=\"start_date_calendarista_3\">\r\n\t\t\t\t\t\t\t\t\t\t\tStart date\t\t\t\t\t\t\t\t\t<\/label>\r\n\t\t\t\t<div class=\"input-group\">\r\n\t\t\t\t\t<input type=\"text\" \r\n\t\t\t\t\t\t\tid=\"start_date_calendarista_3\" \r\n\t\t\t\t\t\t\tclass=\"calendarista-start-date form-control calendarista-typography--caption1 calendarista-readonly-field calendarista_parsley_validated\" \r\n\t\t\t\t\t\t\treadonly\r\n\t\t\t\t\t\t\tdata-calendarista-loading=\"Loading...\"\r\n\t\t\t\t\t\t\tplaceholder=\"Select a date\"\r\n\t\t\t\t\t\t\tdata-parsley-trigger=\"change\" \r\n\t\t\t\t\t\t\tdata-parsley-errors-container=\"#start_date_error_container_calendarista_3\" \r\n\t\t\t\t\t\t\tdata-parsley-required=\"true\"\r\n\t\t\t\t\t\t\tvalue=\"\"\r\n\t\t\t\t\t\t\taria-label=\"Please note: page up\/down for previous\/next month, ctrl plus page up\/down for previous\/next year, ctrl plus left\/right for previous\/next day, enter key to accept the selected date\">\r\n\t\t\t\t\t<label for=\"start_date_calendarista_3\" class=\"input-group-text\">\r\n\t\t\t\t\t\t<i class=\"fa fa-calendar\"><\/i>\r\n\t\t\t\t\t<\/label>\r\n\t\t\t\t<\/div>\r\n\t\t\t\t<div id=\"start_date_error_container_calendarista_3\" class=\"calendarista-typography--caption1\"><\/div>\r\n\t\t\t<\/div>\r\n\t\t\t<div class=\"clearfix\"><\/div>\r\n\t\t\t\t<div class=\"calendarista-start-timeslot-placeholder\"><\/div>\r\n\t<div id=\"startTimecalendarista_3_error_container\"><\/div>\r\n\t\t\t\t<\/div>\r\n\t\t\t\t<div class=\"col-xl-12\">\r\n\t\t<div class=\"form-group calendarista-date-range-error calendarista-row-single hide\">\r\n\t\t\t<div class=\"alert alert-warning calendarista-typography--caption1\" role=\"alert\">\r\n\t\t\t\t<strong>Warning!<\/strong>&nbsp;The date range selected is invalid and has been reset.\t\t\t<\/div>\r\n\t\t<\/div>\r\n\t\t<div class=\"clearfix\"><\/div>\r\n\t\t<div class=\"form-group calendarista-timeslots-error calendarista-row-single hide\">\r\n\t\t\t<div class=\"alert alert-warning calendarista-typography--caption1\" role=\"alert\">\r\n\t\t\t\t<strong>Warning!<\/strong>&nbsp;Time slots are unavailable for the selected day.\t\t\t<\/div>\r\n\t\t<\/div>\r\n\t\t<div class=\"clearfix\"><\/div>\r\n\t\t<div class=\"form-group calendarista-timeslots-return-error calendarista-row-single hide\">\r\n\t\t\t<div class=\"alert alert-warning calendarista-typography--caption1\" role=\"alert\">\r\n\t\t\t\t<strong>Warning!<\/strong>&nbsp;Time slots are unavailable for the return trip.\t\t\t<\/div>\r\n\t\t<\/div>\r\n\t\t<div class=\"clearfix\"><\/div>\r\n\t\t\t\t\t<\/div>\r\n\t\t\t\t\t\t\t<div class=\"calendarista-seats-placeholder\"><\/div>\r\n\t\t<div class=\"calendarista-dynamicfield-placeholder\"><\/div>\r\n\t\t<div class=\"calendarista-repeat-appointment-placeholder\"><\/div>\r\n\t\t\t<script type=\"text\/javascript\">\r\n\t(function(){\r\n\t\tfunction init(){\r\n\t\t\tvar calendar = new Calendarista.calendar({\r\n\t\t\t\t'id': 'calendarista_3'\r\n\t\t\t\t, 'calendarMode': 1 \r\n\t\t\t\t, 'firstDayOfWeek': 1\t\t\t\t, 'ajaxUrl': 'https:\/\/adobeguadalupe.com\/wp-admin\/admin-ajax.php'\r\n\t\t\t\t, 'projectId': 3 \r\n\t\t\t\t, 'dateFormat': 'dd\/mm\/yy'\r\n\t\t\t\t, 'thumbnails': []\t\t\t\t, 'appointment': -1\t\t\t\t, 'bookingDaysMinimum': 0\t\t\t\t, 'bookingDaysMaximum': 0\t\t\t\t, 'dayCountMode': 0\t\t\t\t, 'searchResultStartTime': ''\r\n\t\t\t\t, 'searchResultEndTime':  ''\r\n\t\t\t\t, 'timeDisplayMode': 0\t\t\t\t, 'enableMultipleBooking': 0\t\t\t\t, 'clearLabel': 'Clear'\r\n\t\t\t\t, 'seasons': []\t\t\t\t, 'minTime': 0\t\t\t\t, 'maxTime': 0\t\t\t\t, 'returnSameDay': 0\t\t\t\t, 'returnOptional': 0\t\t\t\t, 'repeatPageSize': 0\t\t\t})\r\n\t\t\t, gmaps;\r\n\t\t\t\t\t\tthis.$nextButton = calendar.$root.find('button[name=\"next\"]');\r\n\t\t\t\t\t\tthis.$nextButton.on('click', function(e){\r\n\t\t\t\tvar $multiDateSelection = calendar.$root.find('input[name=\"multiDateSelection\"]')\r\n\t\t\t\t\t, bookingDaysMinimum = calendar.bookingDaysMinimum\r\n\t\t\t\t\t, multiDatesVal = $multiDateSelection.val()\r\n\t\t\t\t\t, multiDates = multiDatesVal ? multiDatesVal.split(';') : []\r\n\t\t\t\t\t, sel = (multiDates.length > 0 && (!bookingDaysMinimum || multiDates.length >= bookingDaysMinimum)) ? '.calendarista-dynamicfield.calendarista_parsley_validated' : null;\r\n\t\t\t\tif(!Calendarista.wizard.isValid(calendar.$root, sel)){\r\n\t\t\t\t\te.preventDefault();\r\n\t\t\t\t\treturn false;\r\n\t\t\t\t}else if (multiDates.length > 0){\r\n\t\t\t\t\tcalendar.$startDate.parsley().reset();\r\n\t\t\t\t}\r\n\t\t\t\tcalendar.unload();\r\n\t\t\t\tif(gmaps){\r\n\t\t\t\t\tgmaps.unload();\r\n\t\t\t\t}\r\n\t\t\t});\r\n\t\t}\r\n\t\t\t\t\r\n\t\tif (window.addEventListener){\r\n\t\t  window.addEventListener('load', onload, false); \r\n\t\t} else if (window.attachEvent){\r\n\t\t  window.attachEvent('onload', onload);\r\n\t\t}\r\n\t\tfunction onload(e){\r\n\t\t\tinit();\r\n\t\t}\r\n\t\t\t\t\r\n\t})();\r\n\t<\/script>\r\n\t\t\t\t\t\t\t\t<div class=\"clearfix\"><\/div>\r\n\t\t\t\t\t\t\t\t\t\t\t\t\t\t<div class=\"col-xl-12 calendarista-row-single calendarista-cost-summary-placeholder\"><\/div>\r\n\t\t\t\t\t\t\t\t\t\t\t\t\t\t<div class=\"col-xl-12 calendarista-row-double\">\r\n\t\t\t\t\t\t\t\t<div class=\"row\">\r\n\t\t\t\t\t\t\t\t\t<div class=\"col-1\">\r\n\t\t\t\t\t\t\t\t\t\t<div id=\"spinner_calendarista_3\" class=\"spinner-border text-primary calendarista-invisible\" role=\"status\">\r\n\t\t\t\t\t\t\t\t\t\t  <span class=\"sr-only\">Loading...<\/span>\r\n\t\t\t\t\t\t\t\t\t\t<\/div>\r\n\t\t\t\t\t\t\t\t\t<\/div>\r\n\t\t\t\t\t\t\t\t\t<div class=\"col-11 calendarista-align-right\">\r\n\t\t\t\t\t\t\t\t\t\t\t\t\t\t\t\t\t\t\t\t\t\t\t\t\t\t\t\t\t\t\t<button id=\"calendarista_3_next\" type=\"button\" name=\"next\" class=\"btn btn-primary calendarista-typography--button calendarista-btn-next\" value=\"2\">Next&nbsp;<i class=\"fa fa-chevron-right\"><\/i><\/button>\r\n\t\t\t\t\t\t\t\t\t\t\t\t\t\t\t\t\t\t\t<\/div>\r\n\t\t\t\t\t\t\t\t<\/div>\r\n\t\t\t\t\t\t\t<\/div>\r\n\t\t\t\t\t\t<\/form>\r\n\t\t\t\t\t\t<div class=\"clearfix\"><\/div>\r\n\t\t\t\t\t\t<script type=\"text\/javascript\">\r\n\t\t\t\t\t\t(function(){\r\n\t\t\t\t\t\t\t\"use strict\";\r\n\t\t\t\t\t\t\tfunction init(){\r\n\t\t\t\t\t\t\t\tnew Calendarista.wizard({\r\n\t\t\t\t\t\t\t\t\t'id': 'calendarista_3'\r\n\t\t\t\t\t\t\t\t\t, 'wizardAction': 'calendarista_wizard'\r\n\t\t\t\t\t\t\t\t\t, 'prevIndex': 0\t\t\t\t\t\t\t\t\t, 'nextIndex': 2\t\t\t\t\t\t\t\t\t, 'stepCounter': 3\t\t\t\t\t\t\t\t\t, 'appointment': 0\r\n\t\t\t\t\t\t\t\t\t, 'steps': [{\"name\":\"calendar\",\"counter\":1,\"label\":\"Date and time\"},{\"name\":\"form\",\"counter\":2,\"label\":\"Details\"},{\"name\":\"checkout\",\"counter\":3,\"label\":\"Check out\"}]\t\t\t\t\t\t\t\t\t, 'selectedStepName': 'calendar'\r\n\t\t\t\t\t\t\t\t\t, 'selectedStepIndex': 1\t\t\t\t\t\t\t\t});\r\n\t\t\t\t\t\t\t}\r\n\t\t\t\t\t\t\t\t\t\t\t\t\t\tif (window.addEventListener){\r\n\t\t\t\t\t\t\t  window.addEventListener('load', onload, false); \r\n\t\t\t\t\t\t\t} else if (window.attachEvent){\r\n\t\t\t\t\t\t\t  window.attachEvent('onload', onload);\r\n\t\t\t\t\t\t\t}\r\n\t\t\t\t\t\t\tfunction onload(e){\r\n\t\t\t\t\t\t\t\tinit();\r\n\t\t\t\t\t\t\t}\r\n\t\t\t\t\t\t\t\t\t\t\t\t\t})();\r\n\t\t\t\t\t\t<\/script>\r\n\t\t\t\t\t<\/div>\r\n\t\t\t\t<\/div>\r\n\t\t\t<\/div>\r\n\t\t<\/div>\r\n\t<\/div>\r\n\t\n\n\n\n<div class=\"wp-block-group has-global-padding is-layout-constrained wp-container-core-group-is-layout-dbb857fc wp-block-group-is-layout-constrained\" style=\"margin-top:40px\">\n<p class=\"has-text-align-center has-contrast-color has-text-color has-link-color wp-elements-a98f3b0919bceb78ebfa3988015c29b2\"><strong>Dudas, aclaraciones o si prefiere hacer pago por transferencia llame al:<\/strong><\/p>\n\n\n\n<div class=\"wp-block-group has-global-padding is-layout-constrained wp-block-group-is-layout-constrained\">\n<p class=\"has-text-align-center has-contrast-color has-text-color has-link-color wp-elements-aa90ed118781e0d14e76edde037070ff\"><strong>Para degustaciones:<\/strong> WhatsApp <a href=\"https:\/\/api.whatsapp.com\/send\/?phone=526462576171\" data-type=\"link\" data-id=\"https:\/\/api.whatsapp.com\/send\/?phone=526462576171\" target=\"_blank\" rel=\"noreferrer noopener\">(646) 257 6171<\/a><\/p>\n<\/div>\n\n\n\n<div class=\"wp-block-group has-global-padding is-layout-constrained wp-block-group-is-layout-constrained\">\n<p class=\"has-text-align-center has-contrast-color has-text-color has-link-color wp-elements-8fe7b9180b1c43205f629ffed654a5f1\"><strong>Para paseos a caballo y\/o cenas:<\/strong> WhatsApp <a href=\"https:\/\/api.whatsapp.com\/send\/?phone=526462576171\" data-type=\"link\" data-id=\"https:\/\/api.whatsapp.com\/send\/?phone=526462576171\" target=\"_blank\" rel=\"noreferrer noopener\">(646) 947 7435<\/a><\/p>\n<\/div>\n<\/div>\n<\/div>\n\n\n\n<div id=\"titulo_centrocrianza\" class=\"wp-block-group has-global-padding is-layout-constrained wp-block-group-is-layout-constrained\" style=\"margin-bottom:40px\">\n<h1 class=\"wp-block-heading has-text-align-center\">\u00a1BIENVENIDO A NUESTRO<\/h1>\n\n\n\n<h2 class=\"wp-block-heading has-text-align-center\" style=\"margin-top:-20px\">centro de crianza<\/h2>\n\n\n\n<h1 class=\"wp-block-heading has-text-align-center\">DE CABALLOS AZTECA EN M\u00c9XICO<\/h1>\n<\/div>\n\n\n\n<div class=\"wp-block-columns is-layout-flex wp-container-core-columns-is-layout-28f84493 wp-block-columns-is-layout-flex\" id=\"info_centrocrianza\">\n<div class=\"wp-block-column is-layout-flow wp-block-column-is-layout-flow\" style=\"flex-basis:66.66%\">\n<div class=\"wp-block-group has-global-padding is-layout-constrained wp-container-core-group-is-layout-e158748c wp-block-group-is-layout-constrained\" style=\"padding-top:40px;padding-right:40px;padding-bottom:40px;padding-left:40px\">\n<h4 class=\"wp-block-heading\">Al igual que nuestros vinos, nuestros caballos son una celebraci\u00f3n del mestizaje y representan lo mejor de ambos Mundos, el Viejo y el Nuevo: un cruce entre un semental andaluz y un cuarto de milla americano, una raza nacida en 2003 y criada desde entonces en nuestros establos de Adobe Guadalupe, Baja California, M\u00e9xico.<\/h4>\n\n\n\n<div class=\"wp-block-group has-global-padding is-layout-constrained wp-container-core-group-is-layout-dbb857fc wp-block-group-is-layout-constrained\" style=\"margin-top:40px\">\n<p>\u00bfEl resultado? Un caballo capaz de alcanzar los niveles de competencia internacional en Doma, Salto o Eventos. Y si eres m\u00e1s del tipo amateur, nuestros campeones Azteca representan una opci\u00f3n segura, inteligente y apuesta para un compa\u00f1ero de ruta.<\/p>\n\n\n\n<p>Adem\u00e1s de llevar a nuestros hu\u00e9spedes a pasear por nuestros vi\u00f1edos, nuestros caballos Azteca ofrecen un servicio invaluable a la comunidad del Valle de Guadalupe, a trav\u00e9s de la terapia equina para ni\u00f1os de bajos ingresos que sufren par\u00e1lisis cerebral. Tambi\u00e9n aportan el esti\u00e9rcol que fertiliza nuestros jardines, nuestra vi\u00f1a y nuestros olivos, granadas, higos y \u00e1rboles c\u00edtricos.<\/p>\n\n\n\n<p>Ofrecemos algunos caballos para la compra, y facilitamos tambi\u00e9n la cr\u00eda en vivo de yeguas; la inseminaci\u00f3n artificial fresca o congelada; implantes embrionarios; e instalaciones personalizadas para visitar yeguas. Por favor, no dude en ponerse en contacto con nosotros aqu\u00ed para obtener m\u00e1s detalles.<\/p>\n<\/div>\n<\/div>\n<\/div>\n\n\n\n<div class=\"wp-block-column is-layout-flow wp-block-column-is-layout-flow\" style=\"flex-basis:45%\">\n<div class=\"wp-block-cover is-light\" style=\"min-height:100%;aspect-ratio:unset;\"><span aria-hidden=\"true\" class=\"wp-block-cover__background has-background-dim-20 has-background-dim\" style=\"background-color:#aba39a\"><\/span><img decoding=\"async\" class=\"wp-block-cover__image-background wp-image-256\" alt=\"\" src=\"https:\/\/karenmanriquez.com\/adobegpe\/wp-content\/uploads\/2025\/03\/img-caballos-1.jpg\" style=\"object-position:88% 30%\" data-object-fit=\"cover\" data-object-position=\"88% 30%\"\/><div class=\"wp-block-cover__inner-container has-global-padding is-layout-constrained wp-block-cover-is-layout-constrained\">\n<p class=\"has-text-align-center has-large-font-size\"><\/p>\n<\/div><\/div>\n<\/div>\n<\/div>\n","protected":false},"excerpt":{"rendered":"<p>\u00bfQU\u00c9 TAL UN paseo m\u00e1gico A CABALLO POR LOS VI\u00d1EDOS? YA SEA QUE MONTES AL ESTILO INGL\u00c9S U OCCIDENTAL, NUESTROS CABALLOS AZTECA TE ESPERAN EN NUESTROS ESTABLOS. Hay pocas cosas en la vida m\u00e1s rom\u00e1nticas que un paseo a caballo por los vi\u00f1edos de Adobe Guadalupe. Experimenta una cabalgata \u00fanica en nuestros hermosos vi\u00f1edos. Emb\u00e1rcate [&hellip;]<\/p>\n","protected":false},"author":1,"featured_media":0,"parent":0,"menu_order":0,"comment_status":"closed","ping_status":"closed","template":"","meta":{"footnotes":""},"class_list":["post-2736","page","type-page","status-publish","hentry"],"_links":{"self":[{"href":"https:\/\/adobeguadalupe.com\/en\/wp-json\/wp\/v2\/pages\/2736","targetHints":{"allow":["GET"]}}],"collection":[{"href":"https:\/\/adobeguadalupe.com\/en\/wp-json\/wp\/v2\/pages"}],"about":[{"href":"https:\/\/adobeguadalupe.com\/en\/wp-json\/wp\/v2\/types\/page"}],"author":[{"embeddable":true,"href":"https:\/\/adobeguadalupe.com\/en\/wp-json\/wp\/v2\/users\/1"}],"replies":[{"embeddable":true,"href":"https:\/\/adobeguadalupe.com\/en\/wp-json\/wp\/v2\/comments?post=2736"}],"version-history":[{"count":5,"href":"https:\/\/adobeguadalupe.com\/en\/wp-json\/wp\/v2\/pages\/2736\/revisions"}],"predecessor-version":[{"id":2951,"href":"https:\/\/adobeguadalupe.com\/en\/wp-json\/wp\/v2\/pages\/2736\/revisions\/2951"}],"wp:attachment":[{"href":"https:\/\/adobeguadalupe.com\/en\/wp-json\/wp\/v2\/media?parent=2736"}],"curies":[{"name":"wp","href":"https:\/\/api.w.org\/{rel}","templated":true}]}}