{"id":2734,"date":"2025-05-27T21:25:35","date_gmt":"2025-05-28T04:25:35","guid":{"rendered":"https:\/\/adobeguadalupe.com\/?page_id=2734"},"modified":"2025-05-28T12:17:48","modified_gmt":"2025-05-28T19:17:48","slug":"hospedaje","status":"publish","type":"page","link":"https:\/\/adobeguadalupe.com\/en\/hospedaje\/","title":{"rendered":"LODGING"},"content":{"rendered":"\n<div id=\"sliderhospedaje\" class=\"wp-block-group is-layout-flow wp-block-group-is-layout-flow\" style=\"padding-right:30px;padding-left:30px\">\n<div class=\"wp-block-cb-carousel-v2 cb-carousel-block cb-single-slide\" data-cb-slides-per-view=\"1\" data-cb-slides-per-group=\"1\" data-cb-space-between=\"15\" data-cb-speed=\"300\" data-cb-navigation=\"true\" data-cb-loop=\"true\" data-cb-autoplay=\"true\" data-cb-autoplay-speed=\"3000\" data-cb-breakpoints=\"{&quot;768&quot;:{&quot;slidesPerView&quot;:1,&quot;slidesPerGroup&quot;:1}}\"><div class=\"swiper\"><div class=\"cb-wrapper swiper-wrapper\">\n<div class=\"wp-block-cb-slide-v2 cb-slide swiper-slide\">\n<figure class=\"wp-block-image aligncenter size-full\"><img decoding=\"async\" src=\"https:\/\/karenmanriquez.com\/adobegpe\/wp-content\/uploads\/2025\/03\/gal-cocina.jpg\" alt=\"\" class=\"wp-image-244\"\/><\/figure>\n\n\n\n<p class=\"has-text-align-center\">COCINA<\/p>\n<\/div>\n\n\n\n<div class=\"wp-block-cb-slide-v2 cb-slide swiper-slide\">\n<figure class=\"wp-block-image aligncenter size-full\"><img decoding=\"async\" src=\"https:\/\/karenmanriquez.com\/adobegpe\/wp-content\/uploads\/2025\/03\/gal-jardin.jpg\" alt=\"\" class=\"wp-image-245\"\/><\/figure>\n\n\n\n<p class=\"has-text-align-center\">JARD\u00cdN<\/p>\n<\/div>\n\n\n\n<div class=\"wp-block-cb-slide-v2 cb-slide swiper-slide\">\n<figure class=\"wp-block-image aligncenter size-full\"><img decoding=\"async\" src=\"https:\/\/karenmanriquez.com\/adobegpe\/wp-content\/uploads\/2025\/03\/gal-habitacion.jpg\" alt=\"\" class=\"wp-image-246\"\/><\/figure>\n\n\n\n<p class=\"has-text-align-center\">HABITACI\u00d3N<\/p>\n<\/div>\n\n\n\n<div class=\"wp-block-cb-slide-v2 cb-slide swiper-slide\">\n<figure class=\"wp-block-image aligncenter size-full\"><img decoding=\"async\" src=\"https:\/\/karenmanriquez.com\/adobegpe\/wp-content\/uploads\/2025\/03\/gal-sala.jpg\" alt=\"\" class=\"wp-image-247\"\/><\/figure>\n\n\n\n<p class=\"has-text-align-center\">SALA<\/p>\n<\/div>\n\n\n\n<div class=\"wp-block-cb-slide-v2 cb-slide swiper-slide\">\n<figure class=\"wp-block-image aligncenter size-full\"><img decoding=\"async\" src=\"https:\/\/karenmanriquez.com\/adobegpe\/wp-content\/uploads\/2025\/03\/gal-comedor.jpg\" alt=\"\" class=\"wp-image-248\"\/><\/figure>\n\n\n\n<p class=\"has-text-align-center\">COMEDOR<\/p>\n<\/div>\n<\/div><\/div><div class=\"cb-button-prev swiper-button-prev\"><\/div><div class=\"cb-button-next swiper-button-next\"><\/div><\/div>\n\n\n\n<div class=\"wp-block-group is-content-justification-center is-nowrap is-layout-flex wp-container-core-group-is-layout-d856f407 wp-block-group-is-layout-flex\">\n<h1 class=\"wp-block-heading has-base-color has-text-color has-link-color wp-elements-ffa71f73ee560c528af3f6f71c15ee64\">\u2014GUARDIANES DE TUS<\/h1>\n\n\n\n<h2 class=\"wp-block-heading has-base-color has-text-color has-link-color wp-elements-12c863ffeb9dbbd114c662a4b9ef7252\">sue\u00f1os\u2014<\/h2>\n<\/div>\n<\/div>\n\n\n\n<div id=\"textohospedaje\" class=\"wp-block-group has-global-padding is-layout-constrained wp-container-core-group-is-layout-e7274f99 wp-block-group-is-layout-constrained\" style=\"padding-right:15px;padding-left:15px\">\n<h4 class=\"wp-block-heading has-text-align-center has-contrast-color has-text-color has-link-color wp-elements-483f34a6954dd4e7e89d52cf21146457\" style=\"margin-bottom:40px;text-transform:none\"><strong>En Adobe Guadalupe, el viento del oeste acaricia los muros de la villa, refrescando la hacienda de manera natural.<\/strong><\/h4>\n\n\n\n<div class=\"wp-block-columns is-layout-flex wp-container-core-columns-is-layout-8a3a412e wp-block-columns-is-layout-flex\" id=\"cols_hospedaje\" style=\"margin-bottom:40px\">\n<div class=\"wp-block-column is-layout-flow wp-block-column-is-layout-flow\" style=\"flex-basis:40%\" id=\"sobrehotel\">\n<div class=\"wp-block-group has-global-padding is-layout-constrained wp-container-core-group-is-layout-445e3ef2 wp-block-group-is-layout-constrained\" style=\"padding-right:15px;padding-left:15px\">\n<p class=\"has-text-align-left\" style=\"font-size:clamp(14px, 0.875rem + ((1vw - 3.2px) * 0.313), 18px);\">Inspirado en elementos persas, el dise\u00f1o del arquitecto iran\u00ed Neil Haghighat aprovecha al m\u00e1ximo las caracter\u00edsticas naturales del Valle de Guadalupe, adem\u00e1s de celebrar la belleza del Mar Caspio.<\/p>\n\n\n\n<p class=\"has-text-align-left\" style=\"font-size:clamp(14px, 0.875rem + ((1vw - 3.2px) * 0.313), 18px);\">Nuestras seis habitaciones, que como nuestros vinos, llevan el nombre de los arc\u00e1ngeles, te esperan para una noche de descanso celestial. Al retirar tel\u00e9fonos y televisores de las habitaciones, te ofrecemos la oportunidad perfecta para desconectarte del mundo. Tus sue\u00f1os fluir\u00e1n al ritmo del goteo discreto que proviene de la fuente del patio central. Durante el d\u00eda, podr\u00e1s tomar el sol, nadar o relajarte en la alberca de la hacienda.<\/p>\n\n\n\n<p class=\"has-text-align-left\" style=\"font-size:clamp(14px, 0.875rem + ((1vw - 3.2px) * 0.313), 18px);\">Te animamos a sentirte en casa en nuestra sala de estar y biblioteca. Elige un libro de nuestra estanter\u00eda, encuentra un lugar c\u00f3modo en nuestro sof\u00e1 y acurr\u00facate junto a la chimenea de m\u00e1rmol. A\u00f1ade una copa de vino y disfruta de las hermosas vistas de nuestro vi\u00f1edo.<\/p>\n<\/div>\n<\/div>\n\n\n\n<div class=\"wp-block-column is-layout-flow wp-block-column-is-layout-flow\" style=\"flex-basis:60%\" id=\"col_formulariohospedaje\">\n<div class=\"wp-block-group has-global-padding is-layout-constrained wp-block-group-is-layout-constrained\">\n<div class=\"wp-block-group has-global-padding is-layout-constrained wp-container-core-group-is-layout-51285cef wp-block-group-is-layout-constrained\" style=\"margin-top:0px;margin-bottom:var(--wp--preset--spacing--40)\">\n<h1 class=\"wp-block-heading has-text-align-center\">VER DISPONIBILIDAD<\/h1>\n\n\n\n<p class=\"has-text-align-center has-accent-2-color has-text-color has-link-color wp-elements-ce18ab45214b77f59add3a26f79309a2\" style=\"font-size:clamp(14px, 0.875rem + ((1vw - 3.2px) * 0.313), 18px);font-style:normal;font-weight:400\">Si la fecha que desea reservar no puede seleccionarse es porque ya no est\u00e1 disponible.<\/p>\n<\/div>\n\n\n\r\n\t<div id=\"calendarista_1\" class=\"calendarista card calendarista-typography\">\r\n\t\t\t\t<div class=\"calendarista-wizard card\">\r\n\t\t\t<div class=\"card-header\">\r\n\t\t\t\t<div class=\"col-xl-12 calendarista-navbar-container\">\r\n\t\t\t\t\t<div id=\"navbar_calendarista_1\">\r\n\t\t\t\t\t\t<ol class=\"nav nav-tabs calendarista-wizard-nav card-header-tabs calendarista-typography--caption1\">\r\n\t\t\t\t\t\t\t\t\t\t\t\t  <li class=\"nav-item\">\r\n\t\t\t\t\t\t\t<a href=\"#\" class=\"nav-link active\" data-calendarista-index=\"1\">\r\n\t\t\t\t\t\t\t  <span class=\"calendarista-nav-label\">Fecha y hora<\/span>\r\n\t\t\t\t\t\t\t<\/a>\r\n\t\t\t\t\t\t  <\/li>\r\n\t\t\t\t\t\t  \t\t\t\t\t\t  <li class=\"nav-item\">\r\n\t\t\t\t\t\t\t<a href=\"#\" class=\"nav-link\" data-calendarista-index=\"2\">\r\n\t\t\t\t\t\t\t  <span class=\"calendarista-nav-label\">Detalles<\/span>\r\n\t\t\t\t\t\t\t<\/a>\r\n\t\t\t\t\t\t  <\/li>\r\n\t\t\t\t\t\t  \t\t\t\t\t\t  <li class=\"nav-item\">\r\n\t\t\t\t\t\t\t<a href=\"#\" class=\"nav-link\" data-calendarista-index=\"3\">\r\n\t\t\t\t\t\t\t  <span class=\"calendarista-nav-label\">Check-out<\/span>\r\n\t\t\t\t\t\t\t<\/a>\r\n\t\t\t\t\t\t  <\/li>\r\n\t\t\t\t\t\t  \t\t\t\t\t\t<\/ol>\r\n\t\t\t\t\t\t\t\t\t\t\t<\/div>\r\n\t\t\t\t<\/div>\r\n\t\t\t<\/div>\r\n\t\t\t<div class=\"card-body\">\r\n\t\t\t\t<div class=\"calendarista-wizard-section-block calendarista-wizard-section-block-include-thumb calendarista-wizard-section-no-thumbnail\">\r\n\t\t\t\t\t<div class=\"calendarista-wizard-section-block-thumb\" style=\"display:none;\"><\/div>\r\n\t\t\t\t\t<div class=\"container\">\r\n\t\t\t\t\t\t\t\t\t\t\t\t\t\t\t\t\t\t<form id=\"form-calendarista_1\" data-parsley-validate action=\"\/en\/wp-json\/wp\/v2\/pages\/2734#CAL1\" method=\"post\" \r\n\t\t\t\t\t\t\tdata-parsley-inputs=\"input, textarea, select, hidden\" \r\n\t\t\t\t\t\t\tdata-parsley-excluded=\"input[type=button], input[type=submit], input[type=reset]\">\r\n\t\t\t\t\t\t\t<input type=\"hidden\" name=\"calendarista_nonce\" value=\"47bfd1eb93\"\/>\r\n\t\t\t\t\t\t\t<input type=\"hidden\" name=\"projectId\" value=\"1\">\r\n\t\t\t\t\t\t\t<input type=\"hidden\" name=\"calendarMode\" value=\"5\">\r\n\t\t\t\t\t\t\t<input type=\"hidden\" name=\"postbackStep\" value=\"calendar\"> \r\n\t\t\t\t\t\t\t<input type=\"hidden\" name=\"availabilityPreviewUrl\" value=\"\">\r\n\t\t\t\t\t\t\t<input type=\"hidden\" name=\"serviceThumbnailView\" value=\"0\">\r\n\t\t\t\t\t\t\t<input type=\"hidden\" name=\"availabilityThumbnailView\" value=\"0\">\r\n\t\t\t\t\t\t\t<input type=\"hidden\" name=\"__viewstate\" value=\"a:1:{i:0;a:1:{s:9:&quot;projectId&quot;;i:1;}}\">\r\n\t\t\t\t\t\t\t<input type=\"hidden\" name=\"stagingId\" value=\"\">\r\n\t\t\t\t\t\t\t<input type=\"hidden\" name=\"requestId\" value=\"calendarista_req_1775914355_69da4d73f287c\">\r\n\t\t\t\t\t\t\t<input type=\"hidden\" name=\"projectList\" value=\"1\">\r\n\t\t\t\t\t\t\t<input type=\"hidden\" name=\"enableMultipleBooking\" value=\"\">\r\n\t\t\t\t\t\t\t<input type=\"hidden\" name=\"calendarista_cart\" value=\"\"\/>\r\n\t\t\t\t\t\t\t\t\t<div class=\"calendarista calendarista-calendar-legend1 hide\">\r\n\t\t\t\t<div class=\"pull-left\">\r\n\t\t\t<div class=\"calendarista-halfday-legend pull-left\">\r\n\t\t\t\t<div class=\"calendarista-halfday\"><\/div>\r\n\t\t\t<\/div>\r\n\t\t\t<div class=\"calendarista-legend-label pull-left\">Cambio<\/div>\r\n\t\t<\/div>\r\n\t\t\t\t<div class=\"clearfix\"><\/div>\r\n\t<\/div>\r\n\t<input type=\"hidden\" name=\"availableDate\" value=\"\"\/>\r\n\t<input type=\"hidden\" name=\"minDate\" value=\"11\/04\/2026\"\/>\r\n\t<input type=\"hidden\" name=\"endDate\" value=\"\"\/>\r\n\t<input type=\"hidden\" name=\"clientAvailableDate\" value=\"\"\/>\r\n\t<input type=\"hidden\" name=\"clientEndDate\" value=\"\"\/>\r\n\t<input type=\"hidden\" name=\"maxTimeslots\" value=\"1\"\/>\r\n\t<input type=\"hidden\" name=\"timezone\" value=\"\"\/>\r\n\t<input type=\"hidden\" name=\"dynamicFieldsCount\" value=\"0\" \/>\r\n\t<input type=\"hidden\" name=\"multiDateSelection\" value=\"\"\/>\r\n\t<input type=\"hidden\" name=\"bookingDaysMinimum\" value=\"1\"\/>\r\n\t\t\t\t\t\t<div class=\"availability_placeholder\">\r\n\t\t\t\t<input type=\"hidden\" \r\n\t\t\tname=\"availabilityId\" \r\n\t\t\tvalue=\"2\" \/>\r\n\t\t\t<\/div>\r\n\t\t<div class=\"row\">\r\n\t\t\t<div class=\"col-xl-6\">\r\n\t\t\t<div id=\"calendarista_liveregion\" role=\"log\" aria-live=\"assertive\" aria-atomic=\"true\" aria-relevant=\"additions\" class=\"sr-only\"><\/div>\r\n\t\t\t<div class=\"form-group\">\r\n\t\t\t\t<label class=\"form-control-label calendarista-typography--caption1\" for=\"start_date_calendarista_1\">\r\n\t\t\t\t\t\t\t\t\t\t\tFecha de inicio\t\t\t\t\t\t\t\t\t<\/label>\r\n\t\t\t\t<div class=\"input-group\">\r\n\t\t\t\t\t<input type=\"text\" \r\n\t\t\t\t\t\t\tid=\"start_date_calendarista_1\" \r\n\t\t\t\t\t\t\tclass=\"calendarista-start-date form-control calendarista-typography--caption1 calendarista-readonly-field calendarista_parsley_validated\" \r\n\t\t\t\t\t\t\treadonly\r\n\t\t\t\t\t\t\tdata-calendarista-loading=\"Cargando...\"\r\n\t\t\t\t\t\t\tplaceholder=\"Seleccionar una fecha\"\r\n\t\t\t\t\t\t\tdata-parsley-trigger=\"change\" \r\n\t\t\t\t\t\t\tdata-parsley-errors-container=\"#start_date_error_container_calendarista_1\" \r\n\t\t\t\t\t\t\tdata-parsley-required=\"true\"\r\n\t\t\t\t\t\t\tvalue=\"\"\r\n\t\t\t\t\t\t\taria-label=\"Please note: page up\/down for previous\/next month, ctrl plus page up\/down for previous\/next year, ctrl plus left\/right for previous\/next day, enter key to accept the selected date\">\r\n\t\t\t\t\t<label for=\"start_date_calendarista_1\" class=\"input-group-text\">\r\n\t\t\t\t\t\t<i class=\"fa fa-calendar\"><\/i>\r\n\t\t\t\t\t<\/label>\r\n\t\t\t\t<\/div>\r\n\t\t\t\t<div id=\"start_date_error_container_calendarista_1\" class=\"calendarista-typography--caption1\"><\/div>\r\n\t\t\t<\/div>\r\n\t\t\t<div class=\"clearfix\"><\/div>\r\n\t\t\t\t\t<\/div>\r\n\t\t\t\t<div class=\"col-xl-6\">\r\n\t\t\t<div class=\"form-group\">\r\n\t\t\t\t\t\t\t\t<label class=\"form-control-label calendarista-typography--caption1\" for=\"end_date_calendarista_1\">\r\n\t\t\t\t\t\t\t\t\t\t\tFecha final\t\t\t\t\t\t\t\t\t<\/label>\r\n\t\t\t\t<div class=\"input-group\">\r\n\t\t\t\t\t<input type=\"text\" \r\n\t\t\t\t\t\t\tid=\"end_date_calendarista_1\" \r\n\t\t\t\t\t\t\tclass=\"calendarista-end-date form-control calendarista-typography--caption1 calendarista-readonly-field calendarista_parsley_validated\" \r\n\t\t\t\t\t\t\treadonly\r\n\t\t\t\t\t\t\tdata-calendarista-loading=\"Cargando...\"\r\n\t\t\t\t\t\t\tplaceholder=\"Seleccionar una fecha\"\r\n\t\t\t\t\t\t\tdata-parsley-trigger=\"change\" \r\n\t\t\t\t\t\t\tdata-parsley-errors-container=\"#end_date_error_container_calendarista_1\" \r\n\t\t\t\t\t\t\tvalue=\"\"\r\n\t\t\t\t\t\t\t\t\t\t\t\t\t\tdata-parsley-required=\"true\"\r\n\t\t\t\t\t\t\t\t\t\t\t\t\t\taria-label=\"Please note: page up\/down for previous\/next month, ctrl plus page up\/down for previous\/next year, ctrl plus left\/right for previous\/next day, enter key to accept the selected date\">\r\n\t\t\t\t\t<label for=\"end_date_calendarista_1\" class=\"input-group-text\">\r\n\t\t\t\t\t\t<i class=\"fa fa-calendar\"><\/i>\r\n\t\t\t\t\t<\/label>\r\n\t\t\t\t<\/div>\r\n\t\t\t\t<div id=\"end_date_error_container_calendarista_1\" class=\"calendarista-typography--caption1\"><\/div>\r\n\t\t\t\t\t\t\t<\/div>\r\n\t\t\t\t\t\t\t\t<\/div>\r\n\t\t\t\t<\/div>\r\n\t\t<div class=\"col-xl-12\">\r\n\t\t<div class=\"form-group calendarista-date-range-error calendarista-row-single hide\">\r\n\t\t\t<div class=\"alert alert-warning calendarista-typography--caption1\" role=\"alert\">\r\n\t\t\t\t<strong>\u00a1Advertencia!<\/strong>&nbsp;El intervalo de fechas seleccionado no es v\u00e1lido y se ha restablecido.\t\t\t<\/div>\r\n\t\t<\/div>\r\n\t\t<div class=\"clearfix\"><\/div>\r\n\t\t<div class=\"form-group calendarista-timeslots-error calendarista-row-single hide\">\r\n\t\t\t<div class=\"alert alert-warning calendarista-typography--caption1\" role=\"alert\">\r\n\t\t\t\t<strong>\u00a1Advertencia!<\/strong>&nbsp;Las franjas horarias no est\u00e1n disponibles para el d\u00eda seleccionado.\t\t\t<\/div>\r\n\t\t<\/div>\r\n\t\t<div class=\"clearfix\"><\/div>\r\n\t\t<div class=\"form-group calendarista-timeslots-return-error calendarista-row-single hide\">\r\n\t\t\t<div class=\"alert alert-warning calendarista-typography--caption1\" role=\"alert\">\r\n\t\t\t\t<strong>\u00a1Advertencia!<\/strong>&nbsp;Time slots are unavailable for the return trip.\t\t\t<\/div>\r\n\t\t<\/div>\r\n\t\t<div class=\"clearfix\"><\/div>\r\n\t\t\t\t\t<\/div>\r\n\t\t\t\t\t\t\t<div class=\"calendarista-seats-placeholder\"><\/div>\r\n\t\t<div class=\"calendarista-dynamicfield-placeholder\"><\/div>\r\n\t\t<div class=\"calendarista-repeat-appointment-placeholder\"><\/div>\r\n\t\t\t<script type=\"text\/javascript\">\r\n\t(function(){\r\n\t\tfunction init(){\r\n\t\t\tvar calendar = new Calendarista.calendar({\r\n\t\t\t\t'id': 'calendarista_1'\r\n\t\t\t\t, 'calendarMode': 5 \r\n\t\t\t\t, 'firstDayOfWeek': 1\t\t\t\t, 'ajaxUrl': 'https:\/\/adobeguadalupe.com\/wp-admin\/admin-ajax.php'\r\n\t\t\t\t, 'projectId': 1 \r\n\t\t\t\t, 'dateFormat': 'dd\/mm\/yy'\r\n\t\t\t\t, 'thumbnails': []\t\t\t\t, 'appointment': -1\t\t\t\t, 'bookingDaysMinimum': 1\t\t\t\t, 'bookingDaysMaximum': 0\t\t\t\t, 'dayCountMode': 0\t\t\t\t, 'searchResultStartTime': ''\r\n\t\t\t\t, 'searchResultEndTime':  ''\r\n\t\t\t\t, 'timeDisplayMode': 0\t\t\t\t, 'enableMultipleBooking': 0\t\t\t\t, 'clearLabel': 'Eliminar'\r\n\t\t\t\t, 'seasons': []\t\t\t\t, 'minTime': 0\t\t\t\t, 'maxTime': 0\t\t\t\t, 'returnSameDay': 0\t\t\t\t, 'returnOptional': 0\t\t\t\t, 'repeatPageSize': 10\t\t\t})\r\n\t\t\t, gmaps;\r\n\t\t\t\t\t\tthis.$nextButton = calendar.$root.find('button[name=\"next\"]');\r\n\t\t\t\t\t\tthis.$nextButton.on('click', function(e){\r\n\t\t\t\tvar $multiDateSelection = calendar.$root.find('input[name=\"multiDateSelection\"]')\r\n\t\t\t\t\t, bookingDaysMinimum = calendar.bookingDaysMinimum\r\n\t\t\t\t\t, multiDatesVal = $multiDateSelection.val()\r\n\t\t\t\t\t, multiDates = multiDatesVal ? multiDatesVal.split(';') : []\r\n\t\t\t\t\t, sel = (multiDates.length > 0 && (!bookingDaysMinimum || multiDates.length >= bookingDaysMinimum)) ? '.calendarista-dynamicfield.calendarista_parsley_validated' : null;\r\n\t\t\t\tif(!Calendarista.wizard.isValid(calendar.$root, sel)){\r\n\t\t\t\t\te.preventDefault();\r\n\t\t\t\t\treturn false;\r\n\t\t\t\t}else if (multiDates.length > 0){\r\n\t\t\t\t\tcalendar.$startDate.parsley().reset();\r\n\t\t\t\t}\r\n\t\t\t\tcalendar.unload();\r\n\t\t\t\tif(gmaps){\r\n\t\t\t\t\tgmaps.unload();\r\n\t\t\t\t}\r\n\t\t\t});\r\n\t\t}\r\n\t\t\t\t\r\n\t\tif (window.addEventListener){\r\n\t\t  window.addEventListener('load', onload, false); \r\n\t\t} else if (window.attachEvent){\r\n\t\t  window.attachEvent('onload', onload);\r\n\t\t}\r\n\t\tfunction onload(e){\r\n\t\t\tinit();\r\n\t\t}\r\n\t\t\t\t\r\n\t})();\r\n\t<\/script>\r\n\t\t\t\t\t\t\t\t<div class=\"clearfix\"><\/div>\r\n\t\t\t\t\t\t\t\t\t\t\t\t\t\t<div class=\"col-xl-12 calendarista-row-single calendarista-cost-summary-placeholder\"><\/div>\r\n\t\t\t\t\t\t\t\t\t\t\t\t\t\t<div class=\"col-xl-12 calendarista-row-double\">\r\n\t\t\t\t\t\t\t\t<div class=\"row\">\r\n\t\t\t\t\t\t\t\t\t<div class=\"col-1\">\r\n\t\t\t\t\t\t\t\t\t\t<div id=\"spinner_calendarista_1\" class=\"spinner-border text-primary calendarista-invisible\" role=\"status\">\r\n\t\t\t\t\t\t\t\t\t\t  <span class=\"sr-only\">Cargando...<\/span>\r\n\t\t\t\t\t\t\t\t\t\t<\/div>\r\n\t\t\t\t\t\t\t\t\t<\/div>\r\n\t\t\t\t\t\t\t\t\t<div class=\"col-11 calendarista-align-right\">\r\n\t\t\t\t\t\t\t\t\t\t\t\t\t\t\t\t\t\t\t\t\t\t\t\t\t\t\t\t\t\t\t<button id=\"calendarista_1_next\" type=\"button\" name=\"next\" class=\"btn btn-primary calendarista-typography--button calendarista-btn-next\" value=\"2\">Siguiente&nbsp;<i class=\"fa fa-chevron-right\"><\/i><\/button>\r\n\t\t\t\t\t\t\t\t\t\t\t\t\t\t\t\t\t\t\t<\/div>\r\n\t\t\t\t\t\t\t\t<\/div>\r\n\t\t\t\t\t\t\t<\/div>\r\n\t\t\t\t\t\t<\/form>\r\n\t\t\t\t\t\t<div class=\"clearfix\"><\/div>\r\n\t\t\t\t\t\t<script type=\"text\/javascript\">\r\n\t\t\t\t\t\t(function(){\r\n\t\t\t\t\t\t\t\"use strict\";\r\n\t\t\t\t\t\t\tfunction init(){\r\n\t\t\t\t\t\t\t\tnew Calendarista.wizard({\r\n\t\t\t\t\t\t\t\t\t'id': 'calendarista_1'\r\n\t\t\t\t\t\t\t\t\t, 'wizardAction': 'calendarista_wizard'\r\n\t\t\t\t\t\t\t\t\t, 'prevIndex': 0\t\t\t\t\t\t\t\t\t, 'nextIndex': 2\t\t\t\t\t\t\t\t\t, 'stepCounter': 3\t\t\t\t\t\t\t\t\t, 'appointment': 0\r\n\t\t\t\t\t\t\t\t\t, 'steps': [{\"name\":\"calendar\",\"counter\":1,\"label\":\"Fecha y hora\"},{\"name\":\"form\",\"counter\":2,\"label\":\"Detalles\"},{\"name\":\"checkout\",\"counter\":3,\"label\":\"Check-out\"}]\t\t\t\t\t\t\t\t\t, 'selectedStepName': 'calendar'\r\n\t\t\t\t\t\t\t\t\t, 'selectedStepIndex': 1\t\t\t\t\t\t\t\t});\r\n\t\t\t\t\t\t\t}\r\n\t\t\t\t\t\t\t\t\t\t\t\t\t\tif (window.addEventListener){\r\n\t\t\t\t\t\t\t  window.addEventListener('load', onload, false); \r\n\t\t\t\t\t\t\t} else if (window.attachEvent){\r\n\t\t\t\t\t\t\t  window.attachEvent('onload', onload);\r\n\t\t\t\t\t\t\t}\r\n\t\t\t\t\t\t\tfunction onload(e){\r\n\t\t\t\t\t\t\t\tinit();\r\n\t\t\t\t\t\t\t}\r\n\t\t\t\t\t\t\t\t\t\t\t\t\t})();\r\n\t\t\t\t\t\t<\/script>\r\n\t\t\t\t\t<\/div>\r\n\t\t\t\t<\/div>\r\n\t\t\t<\/div>\r\n\t\t<\/div>\r\n\t<\/div>\r\n\t\n<\/div>\n\n\n\n<p class=\"has-text-align-center has-accent-2-color has-text-color has-link-color wp-elements-ee72cf2206e6e160a558b0084e2aa6cd\" style=\"margin-top:30px;margin-bottom:30px\">Nuestras habitaciones son para dos personas, en caso de visitarnos en grupo y necesitar m\u00e1s de una habitaci\u00f3n, consultar disponibilidad al (646) 155 2094 o (646) 947 7435.<\/p>\n<\/div>\n<\/div>\n<\/div>\n\n\n\n<div id=\"hotelincluye\" class=\"wp-block-group has-global-padding is-layout-constrained wp-container-core-group-is-layout-f1e90dc6 wp-block-group-is-layout-constrained\" style=\"margin-bottom:100px\">\n<div class=\"wp-block-group has-global-padding is-layout-constrained wp-container-core-group-is-layout-3467996f wp-block-group-is-layout-constrained\" style=\"padding-right:15px;padding-left:15px\">\n<h4 class=\"wp-block-heading has-text-align-center has-contrast-color has-text-color has-link-color wp-elements-992f7a30b488f829f0555a3060197964\" style=\"text-transform:uppercase\"><strong>Todas las tarifas de nuestras habitaciones incluyen desayuno completo y degustaci\u00f3n de vinos para dos personas.<\/strong><\/h4>\n<\/div>\n<\/div>\n","protected":false},"excerpt":{"rendered":"<p>\u2014GUARDIANES DE TUS sue\u00f1os\u2014 En Adobe Guadalupe, el viento del oeste acaricia los muros de la villa, refrescando la hacienda de manera natural. Inspirado en elementos persas, el dise\u00f1o del arquitecto iran\u00ed Neil Haghighat aprovecha al m\u00e1ximo las caracter\u00edsticas naturales del Valle de Guadalupe, adem\u00e1s de celebrar la belleza del Mar Caspio. Nuestras seis habitaciones, [&hellip;]<\/p>\n","protected":false},"author":1,"featured_media":0,"parent":0,"menu_order":0,"comment_status":"closed","ping_status":"closed","template":"","meta":{"footnotes":""},"class_list":["post-2734","page","type-page","status-publish","hentry"],"_links":{"self":[{"href":"https:\/\/adobeguadalupe.com\/en\/wp-json\/wp\/v2\/pages\/2734","targetHints":{"allow":["GET"]}}],"collection":[{"href":"https:\/\/adobeguadalupe.com\/en\/wp-json\/wp\/v2\/pages"}],"about":[{"href":"https:\/\/adobeguadalupe.com\/en\/wp-json\/wp\/v2\/types\/page"}],"author":[{"embeddable":true,"href":"https:\/\/adobeguadalupe.com\/en\/wp-json\/wp\/v2\/users\/1"}],"replies":[{"embeddable":true,"href":"https:\/\/adobeguadalupe.com\/en\/wp-json\/wp\/v2\/comments?post=2734"}],"version-history":[{"count":9,"href":"https:\/\/adobeguadalupe.com\/en\/wp-json\/wp\/v2\/pages\/2734\/revisions"}],"predecessor-version":[{"id":2952,"href":"https:\/\/adobeguadalupe.com\/en\/wp-json\/wp\/v2\/pages\/2734\/revisions\/2952"}],"wp:attachment":[{"href":"https:\/\/adobeguadalupe.com\/en\/wp-json\/wp\/v2\/media?parent=2734"}],"curies":[{"name":"wp","href":"https:\/\/api.w.org\/{rel}","templated":true}]}}